{"id":450,"date":"2019-01-16T16:27:31","date_gmt":"2019-01-16T15:27:31","guid":{"rendered":"http:\/\/mcscontafs.cluster005.ovh.net\/?page_id=450"},"modified":"2019-03-28T11:13:08","modified_gmt":"2019-03-28T10:13:08","slug":"agroalimentaire","status":"publish","type":"page","link":"https:\/\/www.mcs-container.fr\/index.php\/agroalimentaire\/","title":{"rendered":"Agroalimentaire"},"content":{"rendered":"\t\t<div data-elementor-type=\"wp-post\" data-elementor-id=\"450\" class=\"elementor elementor-450 elementor-bc-flex-widget\" data-elementor-settings=\"[]\">\n\t\t\t\t\t\t<div class=\"elementor-inner\">\n\t\t\t\t\t\t\t<div class=\"elementor-section-wrap\">\n\t\t\t\t\t\t\t<section class=\"elementor-section elementor-top-section elementor-element elementor-element-71549925 elementor-section-boxed elementor-section-height-default elementor-section-height-default\" data-id=\"71549925\" data-element_type=\"section\">\n\t\t\t\t\t\t<div class=\"elementor-container elementor-column-gap-default\">\n\t\t\t\t\t\t\t<div class=\"elementor-row\">\n\t\t\t\t\t<div class=\"elementor-column elementor-col-100 elementor-top-column elementor-element elementor-element-46a86ee7\" data-id=\"46a86ee7\" data-element_type=\"column\">\n\t\t\t<div class=\"elementor-column-wrap elementor-element-populated\">\n\t\t\t\t\t\t\t<div class=\"elementor-widget-wrap\">\n\t\t\t\t\t\t<div class=\"elementor-element elementor-element-8c492c4 elementor-widget elementor-widget-heading\" data-id=\"8c492c4\" data-element_type=\"widget\" data-widget_type=\"heading.default\">\n\t\t\t\t<div class=\"elementor-widget-container\">\n\t\t\t<h1 class=\"elementor-heading-title elementor-size-default\">Fabrication - Agroalimentaire\n<\/h1>\t\t<\/div>\n\t\t\t\t<\/div>\n\t\t\t\t\t\t<\/div>\n\t\t\t\t\t<\/div>\n\t\t<\/div>\n\t\t\t\t\t\t\t\t<\/div>\n\t\t\t\t\t<\/div>\n\t\t<\/section>\n\t\t\t\t<section class=\"elementor-section elementor-top-section elementor-element elementor-element-1f8c418a elementor-section-boxed elementor-section-height-default elementor-section-height-default\" data-id=\"1f8c418a\" data-element_type=\"section\">\n\t\t\t\t\t\t<div class=\"elementor-container elementor-column-gap-default\">\n\t\t\t\t\t\t\t<div class=\"elementor-row\">\n\t\t\t\t\t<div class=\"elementor-column elementor-col-100 elementor-top-column elementor-element elementor-element-69236a9e\" data-id=\"69236a9e\" data-element_type=\"column\">\n\t\t\t<div class=\"elementor-column-wrap elementor-element-populated\">\n\t\t\t\t\t\t\t<div class=\"elementor-widget-wrap\">\n\t\t\t\t\t\t<div class=\"elementor-element elementor-element-1d36a8d2 elementor-widget elementor-widget-text-editor\" data-id=\"1d36a8d2\" data-element_type=\"widget\" data-widget_type=\"text-editor.default\">\n\t\t\t\t<div class=\"elementor-widget-container\">\n\t\t\t\t\t<div class=\"elementor-text-editor elementor-clearfix\"><p><span style=\"font-weight: 400;\"><strong>MCS<\/strong> dispose d\u2019une forte exp\u00e9rience dans la <strong>fabrication<\/strong> sur mesure de <strong>cuves<\/strong> <strong>cylindriques<\/strong> de petit \u00e0 moyen volume (de 1m3 \u00e0 20m3), acquise dans le secteur\u00a0<strong>Agroalimentaire<\/strong>.<\/span><\/p><p><span style=\"font-weight: 400;\">L\u2019ensemble de nos <strong>cuves<\/strong> sont con\u00e7ues et fabriqu\u00e9es selon les besoins et contraintes sp\u00e9cifiques du client.<\/span><\/p><p><span style=\"font-weight: 400;\"><strong>MCS<\/strong> dispose \u00e9galement d\u2019un savoir sp\u00e9cifique dans la fabrication \u00a0sur mesure de cuves parall\u00e8les, pouvant \u00eatre compartiment\u00e9es ainsi que <strong>thermo-r\u00e9gul\u00e9es<\/strong> par serpentins ext\u00e9rieurs<\/span><\/p><p><span style=\"font-weight: 400;\"><strong>MCS<\/strong> fabrique \u00e9galement des <strong>belons<\/strong> sur mesure, pour les producteurs de champagne notamment.<\/span><\/p><\/div>\n\t\t\t\t<\/div>\n\t\t\t\t<\/div>\n\t\t\t\t\t\t<\/div>\n\t\t\t\t\t<\/div>\n\t\t<\/div>\n\t\t\t\t\t\t\t\t<\/div>\n\t\t\t\t\t<\/div>\n\t\t<\/section>\n\t\t\t\t<section class=\"elementor-section elementor-top-section elementor-element elementor-element-24450d2 elementor-section-boxed elementor-section-height-default elementor-section-height-default\" data-id=\"24450d2\" data-element_type=\"section\">\n\t\t\t\t\t\t<div class=\"elementor-container elementor-column-gap-default\">\n\t\t\t\t\t\t\t<div class=\"elementor-row\">\n\t\t\t\t\t<div class=\"elementor-column elementor-col-100 elementor-top-column elementor-element elementor-element-9de2320\" data-id=\"9de2320\" data-element_type=\"column\">\n\t\t\t<div class=\"elementor-column-wrap elementor-element-populated\">\n\t\t\t\t\t\t\t<div class=\"elementor-widget-wrap\">\n\t\t\t\t\t\t<div class=\"elementor-element elementor-element-169a2f58 elementor-widget elementor-widget-heading\" data-id=\"169a2f58\" data-element_type=\"widget\" data-widget_type=\"heading.default\">\n\t\t\t\t<div class=\"elementor-widget-container\">\n\t\t\t<h2 class=\"elementor-heading-title elementor-size-default\">Nos r\u00e9alisations<\/h2>\t\t<\/div>\n\t\t\t\t<\/div>\n\t\t\t\t\t\t<\/div>\n\t\t\t\t\t<\/div>\n\t\t<\/div>\n\t\t\t\t\t\t\t\t<\/div>\n\t\t\t\t\t<\/div>\n\t\t<\/section>\n\t\t\t\t<section class=\"elementor-section elementor-top-section elementor-element elementor-element-7d90f4b3 elementor-section-boxed elementor-section-height-default elementor-section-height-default\" data-id=\"7d90f4b3\" data-element_type=\"section\">\n\t\t\t\t\t\t<div class=\"elementor-container elementor-column-gap-default\">\n\t\t\t\t\t\t\t<div class=\"elementor-row\">\n\t\t\t\t\t<div class=\"elementor-column elementor-col-50 elementor-top-column elementor-element elementor-element-351ec4e6\" data-id=\"351ec4e6\" data-element_type=\"column\">\n\t\t\t<div class=\"elementor-column-wrap elementor-element-populated\">\n\t\t\t\t\t\t\t<div class=\"elementor-widget-wrap\">\n\t\t\t\t\t\t<div class=\"elementor-element elementor-element-743cfea8 elementor-icon-list--layout-traditional elementor-list-item-link-full_width elementor-invisible elementor-widget elementor-widget-icon-list\" data-id=\"743cfea8\" data-element_type=\"widget\" data-settings=\"{&quot;_animation&quot;:&quot;fadeInLeft&quot;}\" data-widget_type=\"icon-list.default\">\n\t\t\t\t<div class=\"elementor-widget-container\">\n\t\t\t\t\t<ul class=\"elementor-icon-list-items\">\n\t\t\t\t\t\t\t<li class=\"elementor-icon-list-item\">\n\t\t\t\t\t\t\t\t\t\t\t<span class=\"elementor-icon-list-icon\">\n\t\t\t\t\t\t\t\t\t\t\t\t\t\t\t\t<i class=\"fa fa-check\" aria-hidden=\"true\"><\/i>\n\t\t\t\t\t\t\t\t\t\t\t\t\t<\/span>\n\t\t\t\t\t\t\t\t\t\t<span class=\"elementor-icon-list-text\">Cuve cylindrique<\/span>\n\t\t\t\t\t\t\t\t\t<\/li>\n\t\t\t\t\t\t\t\t<li class=\"elementor-icon-list-item\">\n\t\t\t\t\t\t\t\t\t\t\t<span class=\"elementor-icon-list-icon\">\n\t\t\t\t\t\t\t\t\t\t\t\t\t\t\t\t<i class=\"fa fa-check\" aria-hidden=\"true\"><\/i>\n\t\t\t\t\t\t\t\t\t\t\t\t\t<\/span>\n\t\t\t\t\t\t\t\t\t\t<span class=\"elementor-icon-list-text\">Cuve parall\u00e8le<\/span>\n\t\t\t\t\t\t\t\t\t<\/li>\n\t\t\t\t\t\t\t\t<li class=\"elementor-icon-list-item\">\n\t\t\t\t\t\t\t\t\t\t\t<span class=\"elementor-icon-list-icon\">\n\t\t\t\t\t\t\t\t\t\t\t\t\t\t\t\t<i class=\"fa fa-check\" aria-hidden=\"true\"><\/i>\n\t\t\t\t\t\t\t\t\t\t\t\t\t<\/span>\n\t\t\t\t\t\t\t\t\t\t<span class=\"elementor-icon-list-text\">Cuve thermo-r\u00e9gul\u00e9e<\/span>\n\t\t\t\t\t\t\t\t\t<\/li>\n\t\t\t\t\t\t<\/ul>\n\t\t\t\t<\/div>\n\t\t\t\t<\/div>\n\t\t\t\t\t\t<\/div>\n\t\t\t\t\t<\/div>\n\t\t<\/div>\n\t\t\t\t<div class=\"elementor-column elementor-col-50 elementor-top-column elementor-element elementor-element-18e16019\" data-id=\"18e16019\" data-element_type=\"column\">\n\t\t\t<div class=\"elementor-column-wrap elementor-element-populated\">\n\t\t\t\t\t\t\t<div class=\"elementor-widget-wrap\">\n\t\t\t\t\t\t<div class=\"elementor-element elementor-element-56d6819b elementor-icon-list--layout-traditional elementor-list-item-link-full_width elementor-invisible elementor-widget elementor-widget-icon-list\" data-id=\"56d6819b\" data-element_type=\"widget\" data-settings=\"{&quot;_animation&quot;:&quot;fadeInRight&quot;}\" data-widget_type=\"icon-list.default\">\n\t\t\t\t<div class=\"elementor-widget-container\">\n\t\t\t\t\t<ul class=\"elementor-icon-list-items\">\n\t\t\t\t\t\t\t<li class=\"elementor-icon-list-item\">\n\t\t\t\t\t\t\t\t\t\t\t<span class=\"elementor-icon-list-icon\">\n\t\t\t\t\t\t\t\t\t\t\t\t\t\t\t\t<i class=\"fa fa-check\" aria-hidden=\"true\"><\/i>\n\t\t\t\t\t\t\t\t\t\t\t\t\t<\/span>\n\t\t\t\t\t\t\t\t\t\t<span class=\"elementor-icon-list-text\">Belon<\/span>\n\t\t\t\t\t\t\t\t\t<\/li>\n\t\t\t\t\t\t\t\t<li class=\"elementor-icon-list-item\">\n\t\t\t\t\t\t\t\t\t\t\t<span class=\"elementor-icon-list-icon\">\n\t\t\t\t\t\t\t\t\t\t\t\t\t\t\t\t<i class=\"fa fa-check\" aria-hidden=\"true\"><\/i>\n\t\t\t\t\t\t\t\t\t\t\t\t\t<\/span>\n\t\t\t\t\t\t\t\t\t\t<span class=\"elementor-icon-list-text\">Cuve multi-compartiment\u00e9e\u200b<\/span>\n\t\t\t\t\t\t\t\t\t<\/li>\n\t\t\t\t\t\t<\/ul>\n\t\t\t\t<\/div>\n\t\t\t\t<\/div>\n\t\t\t\t\t\t<\/div>\n\t\t\t\t\t<\/div>\n\t\t<\/div>\n\t\t\t\t\t\t\t\t<\/div>\n\t\t\t\t\t<\/div>\n\t\t<\/section>\n\t\t\t\t<section class=\"elementor-section elementor-top-section elementor-element elementor-element-41e9e6f7 elementor-section-boxed elementor-section-height-default elementor-section-height-default\" data-id=\"41e9e6f7\" data-element_type=\"section\">\n\t\t\t\t\t\t<div class=\"elementor-container elementor-column-gap-default\">\n\t\t\t\t\t\t\t<div class=\"elementor-row\">\n\t\t\t\t\t<div class=\"elementor-column elementor-col-100 elementor-top-column elementor-element elementor-element-59c9e5bf\" data-id=\"59c9e5bf\" data-element_type=\"column\">\n\t\t\t<div class=\"elementor-column-wrap elementor-element-populated\">\n\t\t\t\t\t\t\t<div class=\"elementor-widget-wrap\">\n\t\t\t\t\t\t<div class=\"elementor-element elementor-element-6d41e91 elementor-arrows-position-outside elementor-pagination-position-inside elementor-widget elementor-widget-image-carousel\" data-id=\"6d41e91\" data-element_type=\"widget\" data-settings=\"{&quot;slides_to_show&quot;:&quot;1&quot;,&quot;autoplay_speed&quot;:3000,&quot;navigation&quot;:&quot;both&quot;,&quot;autoplay&quot;:&quot;yes&quot;,&quot;pause_on_hover&quot;:&quot;yes&quot;,&quot;pause_on_interaction&quot;:&quot;yes&quot;,&quot;infinite&quot;:&quot;yes&quot;,&quot;effect&quot;:&quot;slide&quot;,&quot;speed&quot;:500}\" data-widget_type=\"image-carousel.default\">\n\t\t\t\t<div class=\"elementor-widget-container\">\n\t\t\t\t\t<div class=\"elementor-image-carousel-wrapper swiper-container\" dir=\"ltr\">\n\t\t\t<div class=\"elementor-image-carousel swiper-wrapper\">\n\t\t\t\t<div class=\"swiper-slide\"><a data-elementor-open-lightbox=\"yes\" data-elementor-lightbox-slideshow=\"6d41e91\" data-elementor-lightbox-title=\"MCS_Cuve vinicole cylindrique (2)\" href=\"https:\/\/www.mcs-container.fr\/wp-content\/uploads\/2019\/01\/MCS_Cuve-vinicole-cylindrique-2.jpg\"><figure class=\"swiper-slide-inner\"><img class=\"swiper-slide-image\" src=\"https:\/\/www.mcs-container.fr\/wp-content\/uploads\/2019\/01\/MCS_Cuve-vinicole-cylindrique-2-225x300.jpg\" alt=\"MCS_Cuve vinicole cylindrique (2)\" \/><\/figure><\/a><\/div><div class=\"swiper-slide\"><a data-elementor-open-lightbox=\"yes\" data-elementor-lightbox-slideshow=\"6d41e91\" data-elementor-lightbox-title=\"MCS_Cuve vinicole parall\u00e4le (4)\" href=\"https:\/\/www.mcs-container.fr\/wp-content\/uploads\/2019\/01\/MCS_Cuve-vinicole-parall\u00e4le-4-1.jpg\"><figure class=\"swiper-slide-inner\"><img class=\"swiper-slide-image\" src=\"https:\/\/www.mcs-container.fr\/wp-content\/uploads\/2019\/01\/MCS_Cuve-vinicole-parall\u00e4le-4-1-300x225.jpg\" alt=\"MCS_Cuve vinicole parall\u00e4le (4)\" \/><\/figure><\/a><\/div><div class=\"swiper-slide\"><a data-elementor-open-lightbox=\"yes\" data-elementor-lightbox-slideshow=\"6d41e91\" data-elementor-lightbox-title=\"MCS_Cuve vinicole cylindrique (1)\" href=\"https:\/\/www.mcs-container.fr\/wp-content\/uploads\/2019\/01\/MCS_Cuve-vinicole-cylindrique-1.jpg\"><figure class=\"swiper-slide-inner\"><img class=\"swiper-slide-image\" src=\"https:\/\/www.mcs-container.fr\/wp-content\/uploads\/2019\/01\/MCS_Cuve-vinicole-cylindrique-1-300x225.jpg\" alt=\"MCS_Cuve vinicole cylindrique (1)\" \/><\/figure><\/a><\/div><div class=\"swiper-slide\"><a data-elementor-open-lightbox=\"yes\" data-elementor-lightbox-slideshow=\"6d41e91\" data-elementor-lightbox-title=\"MCS_Cuve agroalimentaire avec agitation (2)\" href=\"https:\/\/www.mcs-container.fr\/wp-content\/uploads\/2019\/01\/MCS_Cuve-agroalimentaire-avec-agitation-2.jpg\"><figure class=\"swiper-slide-inner\"><img class=\"swiper-slide-image\" src=\"https:\/\/www.mcs-container.fr\/wp-content\/uploads\/2019\/01\/MCS_Cuve-agroalimentaire-avec-agitation-2-225x300.jpg\" alt=\"MCS_Cuve agroalimentaire avec agitation (2)\" \/><\/figure><\/a><\/div><div class=\"swiper-slide\"><a data-elementor-open-lightbox=\"yes\" data-elementor-lightbox-slideshow=\"6d41e91\" data-elementor-lightbox-title=\"MCS_Cuve agroalimentaire avec agitation (1)\" href=\"https:\/\/www.mcs-container.fr\/wp-content\/uploads\/2019\/01\/MCS_Cuve-agroalimentaire-avec-agitation-1.jpg\"><figure class=\"swiper-slide-inner\"><img class=\"swiper-slide-image\" src=\"https:\/\/www.mcs-container.fr\/wp-content\/uploads\/2019\/01\/MCS_Cuve-agroalimentaire-avec-agitation-1-225x300.jpg\" alt=\"MCS_Cuve agroalimentaire avec agitation (1)\" \/><\/figure><\/a><\/div><div class=\"swiper-slide\"><a data-elementor-open-lightbox=\"yes\" data-elementor-lightbox-slideshow=\"6d41e91\" data-elementor-lightbox-title=\"MCS_Cuve agroalimentaire (2)\" href=\"https:\/\/www.mcs-container.fr\/wp-content\/uploads\/2019\/01\/MCS_Cuve-agroalimentaire-2.jpg\"><figure class=\"swiper-slide-inner\"><img class=\"swiper-slide-image\" src=\"https:\/\/www.mcs-container.fr\/wp-content\/uploads\/2019\/01\/MCS_Cuve-agroalimentaire-2-300x225.jpg\" alt=\"MCS_Cuve agroalimentaire (2)\" \/><\/figure><\/a><\/div><div class=\"swiper-slide\"><a data-elementor-open-lightbox=\"yes\" data-elementor-lightbox-slideshow=\"6d41e91\" data-elementor-lightbox-title=\"MCS_Cuve agroalimentaire (1)\" href=\"https:\/\/www.mcs-container.fr\/wp-content\/uploads\/2019\/01\/MCS_Cuve-agroalimentaire-1.jpg\"><figure class=\"swiper-slide-inner\"><img class=\"swiper-slide-image\" src=\"https:\/\/www.mcs-container.fr\/wp-content\/uploads\/2019\/01\/MCS_Cuve-agroalimentaire-1-225x300.jpg\" alt=\"MCS_Cuve agroalimentaire (1)\" \/><\/figure><\/a><\/div><div class=\"swiper-slide\"><a data-elementor-open-lightbox=\"yes\" data-elementor-lightbox-slideshow=\"6d41e91\" data-elementor-lightbox-title=\"MCS_Cuve vinicole parall\u00e4le (6)\" href=\"https:\/\/www.mcs-container.fr\/wp-content\/uploads\/2019\/01\/MCS_Cuve-vinicole-parall\u00e4le-6-e1549015496414.jpg\"><figure class=\"swiper-slide-inner\"><img class=\"swiper-slide-image\" src=\"https:\/\/www.mcs-container.fr\/wp-content\/uploads\/2019\/01\/MCS_Cuve-vinicole-parall\u00e4le-6-e1549015496414-225x300.jpg\" alt=\"MCS_Cuve vinicole parall\u00e4le (6)\" \/><\/figure><\/a><\/div><div class=\"swiper-slide\"><a data-elementor-open-lightbox=\"yes\" data-elementor-lightbox-slideshow=\"6d41e91\" data-elementor-lightbox-title=\"MCS_Cuve vinicole parall\u00e4le (7)\" href=\"https:\/\/www.mcs-container.fr\/wp-content\/uploads\/2019\/01\/MCS_Cuve-vinicole-parall\u00e4le-7-e1549015479807.jpg\"><figure class=\"swiper-slide-inner\"><img class=\"swiper-slide-image\" src=\"https:\/\/www.mcs-container.fr\/wp-content\/uploads\/2019\/01\/MCS_Cuve-vinicole-parall\u00e4le-7-e1549015479807-225x300.jpg\" alt=\"MCS_Cuve vinicole parall\u00e4le (7)\" \/><\/figure><\/a><\/div><div class=\"swiper-slide\"><a data-elementor-open-lightbox=\"yes\" data-elementor-lightbox-slideshow=\"6d41e91\" data-elementor-lightbox-title=\"MCS_Cuve vinicole parall\u00e4le (8)\" href=\"https:\/\/www.mcs-container.fr\/wp-content\/uploads\/2019\/01\/MCS_Cuve-vinicole-parall\u00e4le-8.jpg\"><figure class=\"swiper-slide-inner\"><img class=\"swiper-slide-image\" src=\"https:\/\/www.mcs-container.fr\/wp-content\/uploads\/2019\/01\/MCS_Cuve-vinicole-parall\u00e4le-8-300x168.jpg\" alt=\"MCS_Cuve vinicole parall\u00e4le (8)\" \/><\/figure><\/a><\/div><div class=\"swiper-slide\"><a data-elementor-open-lightbox=\"yes\" data-elementor-lightbox-slideshow=\"6d41e91\" data-elementor-lightbox-title=\"MCS_Cuve vinicole parall\u00e4le (9)\" href=\"https:\/\/www.mcs-container.fr\/wp-content\/uploads\/2019\/01\/MCS_Cuve-vinicole-parall\u00e4le-9-e1549015461902.jpg\"><figure class=\"swiper-slide-inner\"><img class=\"swiper-slide-image\" src=\"https:\/\/www.mcs-container.fr\/wp-content\/uploads\/2019\/01\/MCS_Cuve-vinicole-parall\u00e4le-9-e1549015461902-168x300.jpg\" alt=\"MCS_Cuve vinicole parall\u00e4le (9)\" \/><\/figure><\/a><\/div><div class=\"swiper-slide\"><a data-elementor-open-lightbox=\"yes\" data-elementor-lightbox-slideshow=\"6d41e91\" data-elementor-lightbox-title=\"MCS_Atelier_Soudure (12)\" href=\"https:\/\/www.mcs-container.fr\/wp-content\/uploads\/2019\/01\/MCS_Atelier_Soudure-12.jpg\"><figure class=\"swiper-slide-inner\"><img class=\"swiper-slide-image\" src=\"https:\/\/www.mcs-container.fr\/wp-content\/uploads\/2019\/01\/MCS_Atelier_Soudure-12-300x200.jpg\" alt=\"MCS_Atelier_Soudure (12)\" \/><\/figure><\/a><\/div><div class=\"swiper-slide\"><a data-elementor-open-lightbox=\"yes\" data-elementor-lightbox-slideshow=\"6d41e91\" data-elementor-lightbox-title=\"MCS_Atelier_Soudure (11)\" href=\"https:\/\/www.mcs-container.fr\/wp-content\/uploads\/2019\/01\/MCS_Atelier_Soudure-11.jpg\"><figure class=\"swiper-slide-inner\"><img class=\"swiper-slide-image\" src=\"https:\/\/www.mcs-container.fr\/wp-content\/uploads\/2019\/01\/MCS_Atelier_Soudure-11-300x200.jpg\" alt=\"MCS_Atelier_Soudure (11)\" \/><\/figure><\/a><\/div><div class=\"swiper-slide\"><a data-elementor-open-lightbox=\"yes\" data-elementor-lightbox-slideshow=\"6d41e91\" data-elementor-lightbox-title=\"MCS_Atelier_Soudure (9)\" href=\"https:\/\/www.mcs-container.fr\/wp-content\/uploads\/2019\/01\/MCS_Atelier_Soudure-9.jpg\"><figure class=\"swiper-slide-inner\"><img class=\"swiper-slide-image\" src=\"https:\/\/www.mcs-container.fr\/wp-content\/uploads\/2019\/01\/MCS_Atelier_Soudure-9-300x200.jpg\" alt=\"MCS_Atelier_Soudure (9)\" \/><\/figure><\/a><\/div><div class=\"swiper-slide\"><a data-elementor-open-lightbox=\"yes\" data-elementor-lightbox-slideshow=\"6d41e91\" data-elementor-lightbox-title=\"MCS_Atelier_Soudure (3)\" href=\"https:\/\/www.mcs-container.fr\/wp-content\/uploads\/2019\/01\/MCS_Atelier_Soudure-3-e1551819619674.jpg\"><figure class=\"swiper-slide-inner\"><img class=\"swiper-slide-image\" src=\"https:\/\/www.mcs-container.fr\/wp-content\/uploads\/2019\/01\/MCS_Atelier_Soudure-3-e1551819619674-169x300.jpg\" alt=\"MCS_Atelier_Soudure (3)\" \/><\/figure><\/a><\/div><div class=\"swiper-slide\"><a data-elementor-open-lightbox=\"yes\" data-elementor-lightbox-slideshow=\"6d41e91\" data-elementor-lightbox-title=\"MCS_Atelier_Soudure (2)\" href=\"https:\/\/www.mcs-container.fr\/wp-content\/uploads\/2019\/01\/MCS_Atelier_Soudure-2.jpg\"><figure class=\"swiper-slide-inner\"><img class=\"swiper-slide-image\" src=\"https:\/\/www.mcs-container.fr\/wp-content\/uploads\/2019\/01\/MCS_Atelier_Soudure-2-300x200.jpg\" alt=\"MCS_Atelier_Soudure (2)\" \/><\/figure><\/a><\/div>\t\t\t<\/div>\n\t\t\t\t\t\t\t\t\t\t\t\t<div class=\"swiper-pagination\"><\/div>\n\t\t\t\t\t\t\t\t\t\t\t\t\t<div class=\"elementor-swiper-button elementor-swiper-button-prev\">\n\t\t\t\t\t\t<i class=\"eicon-chevron-left\" aria-hidden=\"true\"><\/i>\n\t\t\t\t\t\t<span class=\"elementor-screen-only\">Pr\u00e9c\u00e9dent<\/span>\n\t\t\t\t\t<\/div>\n\t\t\t\t\t<div class=\"elementor-swiper-button elementor-swiper-button-next\">\n\t\t\t\t\t\t<i class=\"eicon-chevron-right\" aria-hidden=\"true\"><\/i>\n\t\t\t\t\t\t<span class=\"elementor-screen-only\">Suivant<\/span>\n\t\t\t\t\t<\/div>\n\t\t\t\t\t\t\t\t\t<\/div>\n\t\t\t\t<\/div>\n\t\t\t\t<\/div>\n\t\t\t\t\t\t<\/div>\n\t\t\t\t\t<\/div>\n\t\t<\/div>\n\t\t\t\t\t\t\t\t<\/div>\n\t\t\t\t\t<\/div>\n\t\t<\/section>\n\t\t\t\t\t\t<\/div>\n\t\t\t\t\t\t<\/div>\n\t\t\t\t\t<\/div>\n\t\t","protected":false},"excerpt":{"rendered":"<p>Fabrication &#8211; Agroalimentaire MCS dispose d\u2019une forte exp\u00e9rience dans la fabrication sur mesure de cuves cylindriques de petit \u00e0 moyen volume (de 1m3 \u00e0 20m3), acquise dans le secteur&nbsp;Agroalimentaire. L\u2019ensemble de nos cuves sont con\u00e7ues et fabriqu\u00e9es selon les besoins et contraintes sp\u00e9cifiques du client. MCS dispose \u00e9galement d\u2019un savoir sp\u00e9cifique dans la fabrication &nbsp;sur [&hellip;]<\/p>\n","protected":false},"author":1,"featured_media":0,"parent":0,"menu_order":0,"comment_status":"closed","ping_status":"closed","template":"","meta":{"spay_email":""},"_links":{"self":[{"href":"https:\/\/www.mcs-container.fr\/index.php\/wp-json\/wp\/v2\/pages\/450"}],"collection":[{"href":"https:\/\/www.mcs-container.fr\/index.php\/wp-json\/wp\/v2\/pages"}],"about":[{"href":"https:\/\/www.mcs-container.fr\/index.php\/wp-json\/wp\/v2\/types\/page"}],"author":[{"embeddable":true,"href":"https:\/\/www.mcs-container.fr\/index.php\/wp-json\/wp\/v2\/users\/1"}],"replies":[{"embeddable":true,"href":"https:\/\/www.mcs-container.fr\/index.php\/wp-json\/wp\/v2\/comments?post=450"}],"version-history":[{"count":14,"href":"https:\/\/www.mcs-container.fr\/index.php\/wp-json\/wp\/v2\/pages\/450\/revisions"}],"predecessor-version":[{"id":632,"href":"https:\/\/www.mcs-container.fr\/index.php\/wp-json\/wp\/v2\/pages\/450\/revisions\/632"}],"wp:attachment":[{"href":"https:\/\/www.mcs-container.fr\/index.php\/wp-json\/wp\/v2\/media?parent=450"}],"curies":[{"name":"wp","href":"https:\/\/api.w.org\/{rel}","templated":true}]}}