{"id":171,"date":"2018-10-30T10:13:50","date_gmt":"2018-10-30T09:13:50","guid":{"rendered":"http:\/\/e-sherpa.fr\/?page_id=171"},"modified":"2019-03-28T11:13:32","modified_gmt":"2019-03-28T10:13:32","slug":"pharmaceutique","status":"publish","type":"page","link":"https:\/\/www.mcs-container.fr\/index.php\/pharmaceutique\/","title":{"rendered":"Pharmaceutique"},"content":{"rendered":"\t\t<div data-elementor-type=\"wp-post\" data-elementor-id=\"171\" class=\"elementor elementor-171 elementor-bc-flex-widget\" data-elementor-settings=\"[]\">\n\t\t\t\t\t\t<div class=\"elementor-inner\">\n\t\t\t\t\t\t\t<div class=\"elementor-section-wrap\">\n\t\t\t\t\t\t\t<section class=\"elementor-section elementor-top-section elementor-element elementor-element-339b22bc elementor-section-boxed elementor-section-height-default elementor-section-height-default\" data-id=\"339b22bc\" data-element_type=\"section\">\n\t\t\t\t\t\t<div class=\"elementor-container elementor-column-gap-default\">\n\t\t\t\t\t\t\t<div class=\"elementor-row\">\n\t\t\t\t\t<div class=\"elementor-column elementor-col-100 elementor-top-column elementor-element elementor-element-28cbcc95\" data-id=\"28cbcc95\" data-element_type=\"column\">\n\t\t\t<div class=\"elementor-column-wrap elementor-element-populated\">\n\t\t\t\t\t\t\t<div class=\"elementor-widget-wrap\">\n\t\t\t\t\t\t<div class=\"elementor-element elementor-element-3489139b elementor-widget elementor-widget-heading\" data-id=\"3489139b\" data-element_type=\"widget\" data-widget_type=\"heading.default\">\n\t\t\t\t<div class=\"elementor-widget-container\">\n\t\t\t<h1 class=\"elementor-heading-title elementor-size-default\">Fabrication - Pharmaceutique\n<\/h1>\t\t<\/div>\n\t\t\t\t<\/div>\n\t\t\t\t\t\t<\/div>\n\t\t\t\t\t<\/div>\n\t\t<\/div>\n\t\t\t\t\t\t\t\t<\/div>\n\t\t\t\t\t<\/div>\n\t\t<\/section>\n\t\t\t\t<section class=\"elementor-section elementor-top-section elementor-element elementor-element-7dd6d71c elementor-section-boxed elementor-section-height-default elementor-section-height-default\" data-id=\"7dd6d71c\" data-element_type=\"section\">\n\t\t\t\t\t\t<div class=\"elementor-container elementor-column-gap-default\">\n\t\t\t\t\t\t\t<div class=\"elementor-row\">\n\t\t\t\t\t<div class=\"elementor-column elementor-col-100 elementor-top-column elementor-element elementor-element-521da509\" data-id=\"521da509\" data-element_type=\"column\">\n\t\t\t<div class=\"elementor-column-wrap elementor-element-populated\">\n\t\t\t\t\t\t\t<div class=\"elementor-widget-wrap\">\n\t\t\t\t\t\t<div class=\"elementor-element elementor-element-193e57f0 elementor-widget elementor-widget-text-editor\" data-id=\"193e57f0\" data-element_type=\"widget\" data-widget_type=\"text-editor.default\">\n\t\t\t\t<div class=\"elementor-widget-container\">\n\t\t\t\t\t<div class=\"elementor-text-editor elementor-clearfix\"><p><span style=\"font-weight: 400;\"><strong>L&rsquo;industrie pharmaceutique<\/strong> a un niveau d\u2019exigence extr\u00eamement \u00e9lev\u00e9, n\u00e9cessitant des produits r\u00e9pondant \u00e0 toutes les exigences et r\u00e9glementations en vigueur.<\/span><\/p><p><span style=\"font-weight: 400;\"><strong>MCS<\/strong> dispose du savoir-faire et des moyens pour concevoir et fabriquer des <strong>cuves<\/strong> et <strong>containers<\/strong> permettant de conserver les caract\u00e9ristiques des produits qu\u2019ils contiennent sans risque d\u2019alt\u00e9ration, et garantissant une conformit\u00e9 aux certifications qualit\u00e9 et s\u00e9curit\u00e9 exig\u00e9es dans le secteur <strong>pharmaceutique<\/strong>.<\/span><\/p><p><span style=\"font-weight: 400;\">Tous nos produits sont con\u00e7us pour r\u00e9pondre aux besoins sp\u00e9cifiques de nos clients et sont enti\u00e8rement adapt\u00e9s \u00e0 leurs processus, dans le <strong>respect<\/strong> des <strong>exigences r\u00e9glementaires<\/strong> les plus s\u00e9v\u00e8res de cette industrie\u00a0: directive DESP 2014\/68\/UE, ATEX, RID\/ADR, IMDG, CFR49, IATA,\u2026<\/span><\/p><\/div>\n\t\t\t\t<\/div>\n\t\t\t\t<\/div>\n\t\t\t\t\t\t<\/div>\n\t\t\t\t\t<\/div>\n\t\t<\/div>\n\t\t\t\t\t\t\t\t<\/div>\n\t\t\t\t\t<\/div>\n\t\t<\/section>\n\t\t\t\t<section class=\"elementor-section elementor-top-section elementor-element elementor-element-1ed1667 elementor-section-boxed elementor-section-height-default elementor-section-height-default\" data-id=\"1ed1667\" data-element_type=\"section\">\n\t\t\t\t\t\t<div class=\"elementor-container elementor-column-gap-default\">\n\t\t\t\t\t\t\t<div class=\"elementor-row\">\n\t\t\t\t\t<div class=\"elementor-column elementor-col-100 elementor-top-column elementor-element elementor-element-e799dab\" data-id=\"e799dab\" data-element_type=\"column\">\n\t\t\t<div class=\"elementor-column-wrap elementor-element-populated\">\n\t\t\t\t\t\t\t<div class=\"elementor-widget-wrap\">\n\t\t\t\t\t\t<div class=\"elementor-element elementor-element-88dbc31 elementor-arrows-position-outside elementor-pagination-position-inside elementor-widget elementor-widget-image-carousel\" data-id=\"88dbc31\" data-element_type=\"widget\" data-settings=\"{&quot;slides_to_show&quot;:&quot;1&quot;,&quot;autoplay_speed&quot;:3000,&quot;navigation&quot;:&quot;both&quot;,&quot;autoplay&quot;:&quot;yes&quot;,&quot;pause_on_hover&quot;:&quot;yes&quot;,&quot;pause_on_interaction&quot;:&quot;yes&quot;,&quot;infinite&quot;:&quot;yes&quot;,&quot;effect&quot;:&quot;slide&quot;,&quot;speed&quot;:500}\" data-widget_type=\"image-carousel.default\">\n\t\t\t\t<div class=\"elementor-widget-container\">\n\t\t\t\t\t<div class=\"elementor-image-carousel-wrapper swiper-container\" dir=\"ltr\">\n\t\t\t<div class=\"elementor-image-carousel swiper-wrapper\">\n\t\t\t\t<div class=\"swiper-slide\"><a data-elementor-open-lightbox=\"yes\" data-elementor-lightbox-slideshow=\"88dbc31\" data-elementor-lightbox-title=\"MCS_Atelier_GRanaillage (1)\" href=\"https:\/\/www.mcs-container.fr\/wp-content\/uploads\/2019\/01\/MCS_Atelier_GRanaillage-1.jpg\"><figure class=\"swiper-slide-inner\"><img class=\"swiper-slide-image\" src=\"https:\/\/www.mcs-container.fr\/wp-content\/uploads\/2019\/01\/MCS_Atelier_GRanaillage-1-300x200.jpg\" alt=\"MCS_Atelier_GRanaillage (1)\" \/><\/figure><\/a><\/div><div class=\"swiper-slide\"><a data-elementor-open-lightbox=\"yes\" data-elementor-lightbox-slideshow=\"88dbc31\" data-elementor-lightbox-title=\"OLYMPUS DIGITAL CAMERA\" href=\"https:\/\/www.mcs-container.fr\/wp-content\/uploads\/2019\/01\/MCS_Pharmaceutique_Cuve-sous-pression-2.jpg\"><figure class=\"swiper-slide-inner\"><img class=\"swiper-slide-image\" src=\"https:\/\/www.mcs-container.fr\/wp-content\/uploads\/2019\/01\/MCS_Pharmaceutique_Cuve-sous-pression-2-300x225.jpg\" alt=\"OLYMPUS DIGITAL CAMERA\" \/><\/figure><\/a><\/div><div class=\"swiper-slide\"><a data-elementor-open-lightbox=\"yes\" data-elementor-lightbox-slideshow=\"88dbc31\" data-elementor-lightbox-title=\"MCS_Pharmaceutique_Cuve sous pression (1)\" href=\"https:\/\/www.mcs-container.fr\/wp-content\/uploads\/2019\/01\/MCS_Pharmaceutique_Cuve-sous-pression-1.jpg\"><figure class=\"swiper-slide-inner\"><img class=\"swiper-slide-image\" src=\"https:\/\/www.mcs-container.fr\/wp-content\/uploads\/2019\/01\/MCS_Pharmaceutique_Cuve-sous-pression-1-225x300.jpg\" alt=\"MCS_Pharmaceutique_Cuve sous pression (1)\" \/><\/figure><\/a><\/div><div class=\"swiper-slide\"><a data-elementor-open-lightbox=\"yes\" data-elementor-lightbox-slideshow=\"88dbc31\" data-elementor-lightbox-title=\"OLYMPUS DIGITAL CAMERA\" href=\"https:\/\/www.mcs-container.fr\/wp-content\/uploads\/2019\/01\/MCS_Pharmaceutique_Cuve-sous-pression-3.jpg\"><figure class=\"swiper-slide-inner\"><img class=\"swiper-slide-image\" src=\"https:\/\/www.mcs-container.fr\/wp-content\/uploads\/2019\/01\/MCS_Pharmaceutique_Cuve-sous-pression-3-300x225.jpg\" alt=\"OLYMPUS DIGITAL CAMERA\" \/><\/figure><\/a><\/div><div class=\"swiper-slide\"><a data-elementor-open-lightbox=\"yes\" data-elementor-lightbox-slideshow=\"88dbc31\" data-elementor-lightbox-title=\"MCS_Pharmaceutique_Cuve cone deport\u00c7 sous pression\" href=\"https:\/\/www.mcs-container.fr\/wp-content\/uploads\/2019\/01\/MCS_Pharmaceutique_Cuve-cone-deport\u00c7-sous-pression-1.jpg\"><figure class=\"swiper-slide-inner\"><img class=\"swiper-slide-image\" src=\"https:\/\/www.mcs-container.fr\/wp-content\/uploads\/2019\/01\/MCS_Pharmaceutique_Cuve-cone-deport\u00c7-sous-pression-1-169x300.jpg\" alt=\"MCS_Pharmaceutique_Cuve cone deport\u00c7 sous pression\" \/><\/figure><\/a><\/div><div class=\"swiper-slide\"><a data-elementor-open-lightbox=\"yes\" data-elementor-lightbox-slideshow=\"88dbc31\" data-elementor-lightbox-title=\"MCS_Pharmaceutique_Cuve cone deport\u00c7 sous pression 5 (2)\" href=\"https:\/\/www.mcs-container.fr\/wp-content\/uploads\/2019\/01\/MCS_Pharmaceutique_Cuve-cone-deport\u00c7-sous-pression-5-2.jpg\"><figure class=\"swiper-slide-inner\"><img class=\"swiper-slide-image\" src=\"https:\/\/www.mcs-container.fr\/wp-content\/uploads\/2019\/01\/MCS_Pharmaceutique_Cuve-cone-deport\u00c7-sous-pression-5-2-300x225.jpg\" alt=\"MCS_Pharmaceutique_Cuve cone deport\u00c7 sous pression 5 (2)\" \/><\/figure><\/a><\/div><div class=\"swiper-slide\"><a data-elementor-open-lightbox=\"yes\" data-elementor-lightbox-slideshow=\"88dbc31\" data-elementor-lightbox-title=\"MCS_Pharmaceutique_Cuve cone deport\u00c7 sous pression 5 (1)\" href=\"https:\/\/www.mcs-container.fr\/wp-content\/uploads\/2019\/01\/MCS_Pharmaceutique_Cuve-cone-deport\u00c7-sous-pression-5-1.jpg\"><figure class=\"swiper-slide-inner\"><img class=\"swiper-slide-image\" src=\"https:\/\/www.mcs-container.fr\/wp-content\/uploads\/2019\/01\/MCS_Pharmaceutique_Cuve-cone-deport\u00c7-sous-pression-5-1-225x300.jpg\" alt=\"MCS_Pharmaceutique_Cuve cone deport\u00c7 sous pression 5 (1)\" \/><\/figure><\/a><\/div><div class=\"swiper-slide\"><a data-elementor-open-lightbox=\"yes\" data-elementor-lightbox-slideshow=\"88dbc31\" data-elementor-lightbox-title=\"MCS_Pharmaceutique_Cuve cone deport\u00c7 sous pression 4\" href=\"https:\/\/www.mcs-container.fr\/wp-content\/uploads\/2019\/01\/MCS_Pharmaceutique_Cuve-cone-deport\u00c7-sous-pression-4-e1549015174605.jpg\"><figure class=\"swiper-slide-inner\"><img class=\"swiper-slide-image\" src=\"https:\/\/www.mcs-container.fr\/wp-content\/uploads\/2019\/01\/MCS_Pharmaceutique_Cuve-cone-deport\u00c7-sous-pression-4-e1549015174605-225x300.jpg\" alt=\"MCS_Pharmaceutique_Cuve cone deport\u00c7 sous pression 4\" \/><\/figure><\/a><\/div><div class=\"swiper-slide\"><a data-elementor-open-lightbox=\"yes\" data-elementor-lightbox-slideshow=\"88dbc31\" data-elementor-lightbox-title=\"MCS_Pharmaceutique_Cuve cone deport\u00c7 sous pression 3 (3)\" href=\"https:\/\/www.mcs-container.fr\/wp-content\/uploads\/2019\/01\/MCS_Pharmaceutique_Cuve-cone-deport\u00c7-sous-pression-3-3.jpg\"><figure class=\"swiper-slide-inner\"><img class=\"swiper-slide-image\" src=\"https:\/\/www.mcs-container.fr\/wp-content\/uploads\/2019\/01\/MCS_Pharmaceutique_Cuve-cone-deport\u00c7-sous-pression-3-3-300x169.jpg\" alt=\"MCS_Pharmaceutique_Cuve cone deport\u00c7 sous pression 3 (3)\" \/><\/figure><\/a><\/div><div class=\"swiper-slide\"><a data-elementor-open-lightbox=\"yes\" data-elementor-lightbox-slideshow=\"88dbc31\" data-elementor-lightbox-title=\"MCS_Pharmaceutique_Cuve cone deport\u00c7 (5)\" href=\"https:\/\/www.mcs-container.fr\/wp-content\/uploads\/2019\/01\/MCS_Pharmaceutique_Cuve-cone-deport\u00c7-5.jpg\"><figure class=\"swiper-slide-inner\"><img class=\"swiper-slide-image\" src=\"https:\/\/www.mcs-container.fr\/wp-content\/uploads\/2019\/01\/MCS_Pharmaceutique_Cuve-cone-deport\u00c7-5-300x225.jpg\" alt=\"MCS_Pharmaceutique_Cuve cone deport\u00c7 (5)\" \/><\/figure><\/a><\/div><div class=\"swiper-slide\"><a data-elementor-open-lightbox=\"yes\" data-elementor-lightbox-slideshow=\"88dbc31\" data-elementor-lightbox-title=\"MCS_Pharmaceutique_Cuve cone deport\u00c7 (4)\" href=\"https:\/\/www.mcs-container.fr\/wp-content\/uploads\/2019\/01\/MCS_Pharmaceutique_Cuve-cone-deport\u00c7-4-1.jpg\"><figure class=\"swiper-slide-inner\"><img class=\"swiper-slide-image\" src=\"https:\/\/www.mcs-container.fr\/wp-content\/uploads\/2019\/01\/MCS_Pharmaceutique_Cuve-cone-deport\u00c7-4-1-300x225.jpg\" alt=\"MCS_Pharmaceutique_Cuve cone deport\u00c7 (4)\" \/><\/figure><\/a><\/div><div class=\"swiper-slide\"><a data-elementor-open-lightbox=\"yes\" data-elementor-lightbox-slideshow=\"88dbc31\" data-elementor-lightbox-title=\"MCS_Pharmaceutique_Cuve cone deport\u00c7 (3)\" href=\"https:\/\/www.mcs-container.fr\/wp-content\/uploads\/2019\/01\/MCS_Pharmaceutique_Cuve-cone-deport\u00c7-3.jpg\"><figure class=\"swiper-slide-inner\"><img class=\"swiper-slide-image\" src=\"https:\/\/www.mcs-container.fr\/wp-content\/uploads\/2019\/01\/MCS_Pharmaceutique_Cuve-cone-deport\u00c7-3-300x225.jpg\" alt=\"MCS_Pharmaceutique_Cuve cone deport\u00c7 (3)\" \/><\/figure><\/a><\/div><div class=\"swiper-slide\"><a data-elementor-open-lightbox=\"yes\" data-elementor-lightbox-slideshow=\"88dbc31\" data-elementor-lightbox-title=\"MCS_Pharmaceutique_Cuve cone deport\u00c7 (2)\" href=\"https:\/\/www.mcs-container.fr\/wp-content\/uploads\/2019\/01\/MCS_Pharmaceutique_Cuve-cone-deport\u00c7-2.jpg\"><figure class=\"swiper-slide-inner\"><img class=\"swiper-slide-image\" src=\"https:\/\/www.mcs-container.fr\/wp-content\/uploads\/2019\/01\/MCS_Pharmaceutique_Cuve-cone-deport\u00c7-2-300x225.jpg\" alt=\"MCS_Pharmaceutique_Cuve cone deport\u00c7 (2)\" \/><\/figure><\/a><\/div><div class=\"swiper-slide\"><a data-elementor-open-lightbox=\"yes\" data-elementor-lightbox-slideshow=\"88dbc31\" data-elementor-lightbox-title=\"MCS_Pharmaceutique_Cuve cone deport\u00c7 (1)\" href=\"https:\/\/www.mcs-container.fr\/wp-content\/uploads\/2019\/01\/MCS_Pharmaceutique_Cuve-cone-deport\u00c7-1.jpg\"><figure class=\"swiper-slide-inner\"><img class=\"swiper-slide-image\" src=\"https:\/\/www.mcs-container.fr\/wp-content\/uploads\/2019\/01\/MCS_Pharmaceutique_Cuve-cone-deport\u00c7-1-225x300.jpg\" alt=\"MCS_Pharmaceutique_Cuve cone deport\u00c7 (1)\" \/><\/figure><\/a><\/div><div class=\"swiper-slide\"><a data-elementor-open-lightbox=\"yes\" data-elementor-lightbox-slideshow=\"88dbc31\" data-elementor-lightbox-title=\"MCS_Atelier_Soudure (12)\" href=\"https:\/\/www.mcs-container.fr\/wp-content\/uploads\/2019\/01\/MCS_Atelier_Soudure-12.jpg\"><figure class=\"swiper-slide-inner\"><img class=\"swiper-slide-image\" src=\"https:\/\/www.mcs-container.fr\/wp-content\/uploads\/2019\/01\/MCS_Atelier_Soudure-12-300x200.jpg\" alt=\"MCS_Atelier_Soudure (12)\" \/><\/figure><\/a><\/div><div class=\"swiper-slide\"><a data-elementor-open-lightbox=\"yes\" data-elementor-lightbox-slideshow=\"88dbc31\" data-elementor-lightbox-title=\"MCS_Atelier_Soudure (11)\" href=\"https:\/\/www.mcs-container.fr\/wp-content\/uploads\/2019\/01\/MCS_Atelier_Soudure-11.jpg\"><figure class=\"swiper-slide-inner\"><img class=\"swiper-slide-image\" src=\"https:\/\/www.mcs-container.fr\/wp-content\/uploads\/2019\/01\/MCS_Atelier_Soudure-11-300x200.jpg\" alt=\"MCS_Atelier_Soudure (11)\" \/><\/figure><\/a><\/div><div class=\"swiper-slide\"><a data-elementor-open-lightbox=\"yes\" data-elementor-lightbox-slideshow=\"88dbc31\" data-elementor-lightbox-title=\"MCS_Atelier_Soudure (9)\" href=\"https:\/\/www.mcs-container.fr\/wp-content\/uploads\/2019\/01\/MCS_Atelier_Soudure-9.jpg\"><figure class=\"swiper-slide-inner\"><img class=\"swiper-slide-image\" src=\"https:\/\/www.mcs-container.fr\/wp-content\/uploads\/2019\/01\/MCS_Atelier_Soudure-9-300x200.jpg\" alt=\"MCS_Atelier_Soudure (9)\" \/><\/figure><\/a><\/div><div class=\"swiper-slide\"><a data-elementor-open-lightbox=\"yes\" data-elementor-lightbox-slideshow=\"88dbc31\" data-elementor-lightbox-title=\"MCS_Atelier_Soudure (3)\" href=\"https:\/\/www.mcs-container.fr\/wp-content\/uploads\/2019\/01\/MCS_Atelier_Soudure-3-e1551819619674.jpg\"><figure class=\"swiper-slide-inner\"><img class=\"swiper-slide-image\" src=\"https:\/\/www.mcs-container.fr\/wp-content\/uploads\/2019\/01\/MCS_Atelier_Soudure-3-e1551819619674-169x300.jpg\" alt=\"MCS_Atelier_Soudure (3)\" \/><\/figure><\/a><\/div><div class=\"swiper-slide\"><a data-elementor-open-lightbox=\"yes\" data-elementor-lightbox-slideshow=\"88dbc31\" data-elementor-lightbox-title=\"MCS_Atelier_Soudure (2)\" href=\"https:\/\/www.mcs-container.fr\/wp-content\/uploads\/2019\/01\/MCS_Atelier_Soudure-2.jpg\"><figure class=\"swiper-slide-inner\"><img class=\"swiper-slide-image\" src=\"https:\/\/www.mcs-container.fr\/wp-content\/uploads\/2019\/01\/MCS_Atelier_Soudure-2-300x200.jpg\" alt=\"MCS_Atelier_Soudure (2)\" \/><\/figure><\/a><\/div>\t\t\t<\/div>\n\t\t\t\t\t\t\t\t\t\t\t\t<div class=\"swiper-pagination\"><\/div>\n\t\t\t\t\t\t\t\t\t\t\t\t\t<div class=\"elementor-swiper-button elementor-swiper-button-prev\">\n\t\t\t\t\t\t<i class=\"eicon-chevron-left\" aria-hidden=\"true\"><\/i>\n\t\t\t\t\t\t<span class=\"elementor-screen-only\">Pr\u00e9c\u00e9dent<\/span>\n\t\t\t\t\t<\/div>\n\t\t\t\t\t<div class=\"elementor-swiper-button elementor-swiper-button-next\">\n\t\t\t\t\t\t<i class=\"eicon-chevron-right\" aria-hidden=\"true\"><\/i>\n\t\t\t\t\t\t<span class=\"elementor-screen-only\">Suivant<\/span>\n\t\t\t\t\t<\/div>\n\t\t\t\t\t\t\t\t\t<\/div>\n\t\t\t\t<\/div>\n\t\t\t\t<\/div>\n\t\t\t\t\t\t<\/div>\n\t\t\t\t\t<\/div>\n\t\t<\/div>\n\t\t\t\t\t\t\t\t<\/div>\n\t\t\t\t\t<\/div>\n\t\t<\/section>\n\t\t\t\t<section class=\"elementor-section elementor-top-section elementor-element elementor-element-87321fa elementor-section-boxed elementor-section-height-default elementor-section-height-default\" data-id=\"87321fa\" data-element_type=\"section\">\n\t\t\t\t\t\t<div class=\"elementor-container elementor-column-gap-default\">\n\t\t\t\t\t\t\t<div class=\"elementor-row\">\n\t\t\t\t\t<div class=\"elementor-column elementor-col-100 elementor-top-column elementor-element elementor-element-7155237\" data-id=\"7155237\" data-element_type=\"column\">\n\t\t\t<div class=\"elementor-column-wrap elementor-element-populated\">\n\t\t\t\t\t\t\t<div class=\"elementor-widget-wrap\">\n\t\t\t\t\t\t<div class=\"elementor-element elementor-element-5ae2f79 elementor-widget elementor-widget-text-editor\" data-id=\"5ae2f79\" data-element_type=\"widget\" data-widget_type=\"text-editor.default\">\n\t\t\t\t<div class=\"elementor-widget-container\">\n\t\t\t\t\t<div class=\"elementor-text-editor elementor-clearfix\"><p>Tous nos produits sont con\u00e7us pour r\u00e9pondre aux besoins sp\u00e9cifiques de nos clients et sont enti\u00e8rement adapt\u00e9s \u00e0 leurs processus, dans le <strong>respect<\/strong> des <strong>exigences r\u00e9glementaires<\/strong> les plus s\u00e9v\u00e8res de cette industrie\u00a0: directive DESP 2014\/68\/UE, ATEX, RID\/ADR, IMDG, CFR49, IATA,\u2026<\/p><\/div>\n\t\t\t\t<\/div>\n\t\t\t\t<\/div>\n\t\t\t\t<div class=\"elementor-element elementor-element-4684a134 elementor-widget elementor-widget-heading\" data-id=\"4684a134\" data-element_type=\"widget\" data-widget_type=\"heading.default\">\n\t\t\t\t<div class=\"elementor-widget-container\">\n\t\t\t<h2 class=\"elementor-heading-title elementor-size-default\">Nos r\u00e9alisations<\/h2>\t\t<\/div>\n\t\t\t\t<\/div>\n\t\t\t\t\t\t<\/div>\n\t\t\t\t\t<\/div>\n\t\t<\/div>\n\t\t\t\t\t\t\t\t<\/div>\n\t\t\t\t\t<\/div>\n\t\t<\/section>\n\t\t\t\t<section class=\"elementor-section elementor-top-section elementor-element elementor-element-1fb9ce97 elementor-section-boxed elementor-section-height-default elementor-section-height-default\" data-id=\"1fb9ce97\" data-element_type=\"section\">\n\t\t\t\t\t\t<div class=\"elementor-container elementor-column-gap-default\">\n\t\t\t\t\t\t\t<div class=\"elementor-row\">\n\t\t\t\t\t<div class=\"elementor-column elementor-col-50 elementor-top-column elementor-element elementor-element-4c4678f\" data-id=\"4c4678f\" data-element_type=\"column\">\n\t\t\t<div class=\"elementor-column-wrap elementor-element-populated\">\n\t\t\t\t\t\t\t<div class=\"elementor-widget-wrap\">\n\t\t\t\t\t\t<div class=\"elementor-element elementor-element-661d09c elementor-icon-list--layout-traditional elementor-list-item-link-full_width elementor-invisible elementor-widget elementor-widget-icon-list\" data-id=\"661d09c\" data-element_type=\"widget\" data-settings=\"{&quot;_animation&quot;:&quot;fadeInLeft&quot;}\" data-widget_type=\"icon-list.default\">\n\t\t\t\t<div class=\"elementor-widget-container\">\n\t\t\t\t\t<ul class=\"elementor-icon-list-items\">\n\t\t\t\t\t\t\t<li class=\"elementor-icon-list-item\">\n\t\t\t\t\t\t\t\t\t\t\t<span class=\"elementor-icon-list-icon\">\n\t\t\t\t\t\t\t\t\t\t\t\t\t\t\t\t<i class=\"fa fa-check\" aria-hidden=\"true\"><\/i>\n\t\t\t\t\t\t\t\t\t\t\t\t\t<\/span>\n\t\t\t\t\t\t\t\t\t\t<span class=\"elementor-icon-list-text\">Cuve \u00e0 fond GRC ou fond plat<\/span>\n\t\t\t\t\t\t\t\t\t<\/li>\n\t\t\t\t\t\t\t\t<li class=\"elementor-icon-list-item\">\n\t\t\t\t\t\t\t\t\t\t\t<span class=\"elementor-icon-list-icon\">\n\t\t\t\t\t\t\t\t\t\t\t\t\t\t\t\t<i class=\"fa fa-check\" aria-hidden=\"true\"><\/i>\n\t\t\t\t\t\t\t\t\t\t\t\t\t<\/span>\n\t\t\t\t\t\t\t\t\t\t<span class=\"elementor-icon-list-text\">Cuve \u00e0 conne droit ou \u00e0 conne d\u00e9port\u00e9<\/span>\n\t\t\t\t\t\t\t\t\t<\/li>\n\t\t\t\t\t\t\t\t<li class=\"elementor-icon-list-item\">\n\t\t\t\t\t\t\t\t\t\t\t<span class=\"elementor-icon-list-icon\">\n\t\t\t\t\t\t\t\t\t\t\t\t\t\t\t\t<i class=\"fa fa-check\" aria-hidden=\"true\"><\/i>\n\t\t\t\t\t\t\t\t\t\t\t\t\t<\/span>\n\t\t\t\t\t\t\t\t\t\t<span class=\"elementor-icon-list-text\">Cuve cylindrique pressurisable<\/span>\n\t\t\t\t\t\t\t\t\t<\/li>\n\t\t\t\t\t\t\t\t<li class=\"elementor-icon-list-item\">\n\t\t\t\t\t\t\t\t\t\t\t<span class=\"elementor-icon-list-icon\">\n\t\t\t\t\t\t\t\t\t\t\t\t\t\t\t\t<i class=\"fa fa-check\" aria-hidden=\"true\"><\/i>\n\t\t\t\t\t\t\t\t\t\t\t\t\t<\/span>\n\t\t\t\t\t\t\t\t\t\t<span class=\"elementor-icon-list-text\">Cuve isol\u00e9e et r\u00e9chauff\u00e9e, \u00e0 simple ou double paroi<\/span>\n\t\t\t\t\t\t\t\t\t<\/li>\n\t\t\t\t\t\t<\/ul>\n\t\t\t\t<\/div>\n\t\t\t\t<\/div>\n\t\t\t\t\t\t<\/div>\n\t\t\t\t\t<\/div>\n\t\t<\/div>\n\t\t\t\t<div class=\"elementor-column elementor-col-50 elementor-top-column elementor-element elementor-element-ff6d8a8\" data-id=\"ff6d8a8\" data-element_type=\"column\">\n\t\t\t<div class=\"elementor-column-wrap elementor-element-populated\">\n\t\t\t\t\t\t\t<div class=\"elementor-widget-wrap\">\n\t\t\t\t\t\t<div class=\"elementor-element elementor-element-7e4f9014 elementor-icon-list--layout-traditional elementor-list-item-link-full_width elementor-invisible elementor-widget elementor-widget-icon-list\" data-id=\"7e4f9014\" data-element_type=\"widget\" data-settings=\"{&quot;_animation&quot;:&quot;fadeInRight&quot;}\" data-widget_type=\"icon-list.default\">\n\t\t\t\t<div class=\"elementor-widget-container\">\n\t\t\t\t\t<ul class=\"elementor-icon-list-items\">\n\t\t\t\t\t\t\t<li class=\"elementor-icon-list-item\">\n\t\t\t\t\t\t\t\t\t\t\t<span class=\"elementor-icon-list-icon\">\n\t\t\t\t\t\t\t\t\t\t\t\t\t\t\t\t<i class=\"fa fa-check\" aria-hidden=\"true\"><\/i>\n\t\t\t\t\t\t\t\t\t\t\t\t\t<\/span>\n\t\t\t\t\t\t\t\t\t\t<span class=\"elementor-icon-list-text\">Cuve avec syst\u00e8me d'agitation<\/span>\n\t\t\t\t\t\t\t\t\t<\/li>\n\t\t\t\t\t\t\t\t<li class=\"elementor-icon-list-item\">\n\t\t\t\t\t\t\t\t\t\t\t<span class=\"elementor-icon-list-icon\">\n\t\t\t\t\t\t\t\t\t\t\t\t\t\t\t\t<i class=\"fa fa-check\" aria-hidden=\"true\"><\/i>\n\t\t\t\t\t\t\t\t\t\t\t\t\t<\/span>\n\t\t\t\t\t\t\t\t\t\t<span class=\"elementor-icon-list-text\">Cuve ATEX<\/span>\n\t\t\t\t\t\t\t\t\t<\/li>\n\t\t\t\t\t\t\t\t<li class=\"elementor-icon-list-item\">\n\t\t\t\t\t\t\t\t\t\t\t<span class=\"elementor-icon-list-icon\">\n\t\t\t\t\t\t\t\t\t\t\t\t\t\t\t\t<i class=\"fa fa-check\" aria-hidden=\"true\"><\/i>\n\t\t\t\t\t\t\t\t\t\t\t\t\t<\/span>\n\t\t\t\t\t\t\t\t\t\t<span class=\"elementor-icon-list-text\">Conteneur RID\/ADR sous pression<\/span>\n\t\t\t\t\t\t\t\t\t<\/li>\n\t\t\t\t\t\t<\/ul>\n\t\t\t\t<\/div>\n\t\t\t\t<\/div>\n\t\t\t\t\t\t<\/div>\n\t\t\t\t\t<\/div>\n\t\t<\/div>\n\t\t\t\t\t\t\t\t<\/div>\n\t\t\t\t\t<\/div>\n\t\t<\/section>\n\t\t\t\t\t\t<\/div>\n\t\t\t\t\t\t<\/div>\n\t\t\t\t\t<\/div>\n\t\t","protected":false},"excerpt":{"rendered":"<p>Fabrication &#8211; Pharmaceutique L&rsquo;industrie pharmaceutique a un niveau d\u2019exigence extr\u00eamement \u00e9lev\u00e9, n\u00e9cessitant des produits r\u00e9pondant \u00e0 toutes les exigences et r\u00e9glementations en vigueur. MCS dispose du savoir-faire et des moyens pour concevoir et fabriquer des cuves et containers permettant de conserver les caract\u00e9ristiques des produits qu\u2019ils contiennent sans risque d\u2019alt\u00e9ration, et garantissant une conformit\u00e9 aux [&hellip;]<\/p>\n","protected":false},"author":1,"featured_media":0,"parent":0,"menu_order":0,"comment_status":"closed","ping_status":"closed","template":"","meta":{"spay_email":""},"_links":{"self":[{"href":"https:\/\/www.mcs-container.fr\/index.php\/wp-json\/wp\/v2\/pages\/171"}],"collection":[{"href":"https:\/\/www.mcs-container.fr\/index.php\/wp-json\/wp\/v2\/pages"}],"about":[{"href":"https:\/\/www.mcs-container.fr\/index.php\/wp-json\/wp\/v2\/types\/page"}],"author":[{"embeddable":true,"href":"https:\/\/www.mcs-container.fr\/index.php\/wp-json\/wp\/v2\/users\/1"}],"replies":[{"embeddable":true,"href":"https:\/\/www.mcs-container.fr\/index.php\/wp-json\/wp\/v2\/comments?post=171"}],"version-history":[{"count":8,"href":"https:\/\/www.mcs-container.fr\/index.php\/wp-json\/wp\/v2\/pages\/171\/revisions"}],"predecessor-version":[{"id":631,"href":"https:\/\/www.mcs-container.fr\/index.php\/wp-json\/wp\/v2\/pages\/171\/revisions\/631"}],"wp:attachment":[{"href":"https:\/\/www.mcs-container.fr\/index.php\/wp-json\/wp\/v2\/media?parent=171"}],"curies":[{"name":"wp","href":"https:\/\/api.w.org\/{rel}","templated":true}]}}