{"id":169,"date":"2018-10-30T10:13:35","date_gmt":"2018-10-30T09:13:35","guid":{"rendered":"http:\/\/e-sherpa.fr\/?page_id=169"},"modified":"2019-03-28T11:08:41","modified_gmt":"2019-03-28T10:08:41","slug":"cosmetique","status":"publish","type":"page","link":"https:\/\/www.mcs-container.fr\/index.php\/cosmetique\/","title":{"rendered":"Cosm\u00e9tique"},"content":{"rendered":"\t\t<div data-elementor-type=\"wp-post\" data-elementor-id=\"169\" class=\"elementor elementor-169 elementor-bc-flex-widget\" data-elementor-settings=\"[]\">\n\t\t\t\t\t\t<div class=\"elementor-inner\">\n\t\t\t\t\t\t\t<div class=\"elementor-section-wrap\">\n\t\t\t\t\t\t\t<section class=\"elementor-section elementor-top-section elementor-element elementor-element-32230a8c elementor-section-boxed elementor-section-height-default elementor-section-height-default\" data-id=\"32230a8c\" data-element_type=\"section\">\n\t\t\t\t\t\t<div class=\"elementor-container elementor-column-gap-default\">\n\t\t\t\t\t\t\t<div class=\"elementor-row\">\n\t\t\t\t\t<div class=\"elementor-column elementor-col-100 elementor-top-column elementor-element elementor-element-7e641f58\" data-id=\"7e641f58\" data-element_type=\"column\">\n\t\t\t<div class=\"elementor-column-wrap elementor-element-populated\">\n\t\t\t\t\t\t\t<div class=\"elementor-widget-wrap\">\n\t\t\t\t\t\t<div class=\"elementor-element elementor-element-45c930cd elementor-widget elementor-widget-heading\" data-id=\"45c930cd\" data-element_type=\"widget\" data-widget_type=\"heading.default\">\n\t\t\t\t<div class=\"elementor-widget-container\">\n\t\t\t<h1 class=\"elementor-heading-title elementor-size-default\">Fabrication - Cosm\u00e9tique\n<\/h1>\t\t<\/div>\n\t\t\t\t<\/div>\n\t\t\t\t\t\t<\/div>\n\t\t\t\t\t<\/div>\n\t\t<\/div>\n\t\t\t\t\t\t\t\t<\/div>\n\t\t\t\t\t<\/div>\n\t\t<\/section>\n\t\t\t\t<section class=\"elementor-section elementor-top-section elementor-element elementor-element-11f32d89 elementor-section-boxed elementor-section-height-default elementor-section-height-default\" data-id=\"11f32d89\" data-element_type=\"section\">\n\t\t\t\t\t\t<div class=\"elementor-container elementor-column-gap-default\">\n\t\t\t\t\t\t\t<div class=\"elementor-row\">\n\t\t\t\t\t<div class=\"elementor-column elementor-col-100 elementor-top-column elementor-element elementor-element-2887b824\" data-id=\"2887b824\" data-element_type=\"column\">\n\t\t\t<div class=\"elementor-column-wrap elementor-element-populated\">\n\t\t\t\t\t\t\t<div class=\"elementor-widget-wrap\">\n\t\t\t\t\t\t<div class=\"elementor-element elementor-element-201443b3 elementor-widget elementor-widget-text-editor\" data-id=\"201443b3\" data-element_type=\"widget\" data-widget_type=\"text-editor.default\">\n\t\t\t\t<div class=\"elementor-widget-container\">\n\t\t\t\t\t<div class=\"elementor-text-editor elementor-clearfix\"><p><span style=\"font-weight: 400;\"><strong>MCS<\/strong> est un acteur reconnu dans la conception et la fabrication de <strong>cuves<\/strong> et <strong>r\u00e9cipients<\/strong> en <strong>acier inoxydable<\/strong> de diff\u00e9rents volumes, r\u00e9pondant aux exigences \u00e9lev\u00e9es de nos clients dans ce secteur.<\/span><\/p><p><span style=\"font-weight: 400;\">Nous disposons du savoir-faire et des moyens pour concevoir et fabriquer des cuves et r\u00e9cipients permettant de conserver les caract\u00e9ristiques des produits sensibles qu\u2019ils contiennent, et garantissant une qualit\u00e9 et une s\u00e9curit\u00e9 maximales exig\u00e9es dans l\u2019<strong>industrie pharmaceutique<\/strong>.<\/span><\/p><p><span style=\"font-weight: 400;\">Nos produits sont destin\u00e9s principalement au process ou au transport de liquides, cr\u00e8mes et mat\u00e9riaux en poudre de ce secteur.<\/span><\/p><\/div>\n\t\t\t\t<\/div>\n\t\t\t\t<\/div>\n\t\t\t\t\t\t<\/div>\n\t\t\t\t\t<\/div>\n\t\t<\/div>\n\t\t\t\t\t\t\t\t<\/div>\n\t\t\t\t\t<\/div>\n\t\t<\/section>\n\t\t\t\t<section class=\"elementor-section elementor-top-section elementor-element elementor-element-d6491dd elementor-section-boxed elementor-section-height-default elementor-section-height-default\" data-id=\"d6491dd\" data-element_type=\"section\">\n\t\t\t\t\t\t<div class=\"elementor-container elementor-column-gap-default\">\n\t\t\t\t\t\t\t<div class=\"elementor-row\">\n\t\t\t\t\t<div class=\"elementor-column elementor-col-100 elementor-top-column elementor-element elementor-element-4881501\" data-id=\"4881501\" data-element_type=\"column\">\n\t\t\t<div class=\"elementor-column-wrap elementor-element-populated\">\n\t\t\t\t\t\t\t<div class=\"elementor-widget-wrap\">\n\t\t\t\t\t\t<div class=\"elementor-element elementor-element-5359492 elementor-arrows-position-outside elementor-pagination-position-inside elementor-widget elementor-widget-image-carousel\" data-id=\"5359492\" data-element_type=\"widget\" data-settings=\"{&quot;slides_to_show&quot;:&quot;1&quot;,&quot;autoplay_speed&quot;:3000,&quot;navigation&quot;:&quot;both&quot;,&quot;autoplay&quot;:&quot;yes&quot;,&quot;pause_on_hover&quot;:&quot;yes&quot;,&quot;pause_on_interaction&quot;:&quot;yes&quot;,&quot;infinite&quot;:&quot;yes&quot;,&quot;effect&quot;:&quot;slide&quot;,&quot;speed&quot;:500}\" data-widget_type=\"image-carousel.default\">\n\t\t\t\t<div class=\"elementor-widget-container\">\n\t\t\t\t\t<div class=\"elementor-image-carousel-wrapper swiper-container\" dir=\"ltr\">\n\t\t\t<div class=\"elementor-image-carousel swiper-wrapper\">\n\t\t\t\t<div class=\"swiper-slide\"><a data-elementor-open-lightbox=\"yes\" data-elementor-lightbox-slideshow=\"5359492\" data-elementor-lightbox-title=\"MCS_Cosmetique_Cuve fond conique sous pression (2)\" href=\"https:\/\/www.mcs-container.fr\/wp-content\/uploads\/2019\/01\/MCS_Cosmetique_Cuve-fond-conique-sous-pression-2.jpg\"><figure class=\"swiper-slide-inner\"><img class=\"swiper-slide-image\" src=\"https:\/\/www.mcs-container.fr\/wp-content\/uploads\/2019\/01\/MCS_Cosmetique_Cuve-fond-conique-sous-pression-2-300x169.jpg\" alt=\"MCS_Cosmetique_Cuve fond conique sous pression (2)\" \/><\/figure><\/a><\/div><div class=\"swiper-slide\"><a data-elementor-open-lightbox=\"yes\" data-elementor-lightbox-slideshow=\"5359492\" data-elementor-lightbox-title=\"MCS_Cosmetique_Cuve fond conique sous pression (1)\" href=\"https:\/\/www.mcs-container.fr\/wp-content\/uploads\/2019\/01\/MCS_Cosmetique_Cuve-fond-conique-sous-pression-1-e1549014712507.jpg\"><figure class=\"swiper-slide-inner\"><img class=\"swiper-slide-image\" src=\"https:\/\/www.mcs-container.fr\/wp-content\/uploads\/2019\/01\/MCS_Cosmetique_Cuve-fond-conique-sous-pression-1-e1549014712507-169x300.jpg\" alt=\"MCS_Cosmetique_Cuve fond conique sous pression (1)\" \/><\/figure><\/a><\/div><div class=\"swiper-slide\"><a data-elementor-open-lightbox=\"yes\" data-elementor-lightbox-slideshow=\"5359492\" data-elementor-lightbox-title=\"MCS_Cosmetique_Cuve cone deport\u00c7 sous pression 6 (2)\" href=\"https:\/\/www.mcs-container.fr\/wp-content\/uploads\/2019\/01\/MCS_Cosmetique_Cuve-cone-deport\u00c7-sous-pression-6-2.jpg\"><figure class=\"swiper-slide-inner\"><img class=\"swiper-slide-image\" src=\"https:\/\/www.mcs-container.fr\/wp-content\/uploads\/2019\/01\/MCS_Cosmetique_Cuve-cone-deport\u00c7-sous-pression-6-2-300x225.jpg\" alt=\"MCS_Cosmetique_Cuve cone deport\u00c7 sous pression 6 (2)\" \/><\/figure><\/a><\/div><div class=\"swiper-slide\"><a data-elementor-open-lightbox=\"yes\" data-elementor-lightbox-slideshow=\"5359492\" data-elementor-lightbox-title=\"MCS_Cosmetique_Cuve cone deport\u00c7 sous pression 6 (1)\" href=\"https:\/\/www.mcs-container.fr\/wp-content\/uploads\/2019\/01\/MCS_Cosmetique_Cuve-cone-deport\u00c7-sous-pression-6-1.jpg\"><figure class=\"swiper-slide-inner\"><img class=\"swiper-slide-image\" src=\"https:\/\/www.mcs-container.fr\/wp-content\/uploads\/2019\/01\/MCS_Cosmetique_Cuve-cone-deport\u00c7-sous-pression-6-1-225x300.jpg\" alt=\"MCS_Cosmetique_Cuve cone deport\u00c7 sous pression 6 (1)\" \/><\/figure><\/a><\/div><div class=\"swiper-slide\"><a data-elementor-open-lightbox=\"yes\" data-elementor-lightbox-slideshow=\"5359492\" data-elementor-lightbox-title=\"MCS_Cosmetique_Cuve cone d\u00c7port\u00c7 sous pression 8\" href=\"https:\/\/www.mcs-container.fr\/wp-content\/uploads\/2019\/01\/MCS_Cosmetique_Cuve-cone-d\u00c7port\u00c7-sous-pression-8.jpg\"><figure class=\"swiper-slide-inner\"><img class=\"swiper-slide-image\" src=\"https:\/\/www.mcs-container.fr\/wp-content\/uploads\/2019\/01\/MCS_Cosmetique_Cuve-cone-d\u00c7port\u00c7-sous-pression-8-225x300.jpg\" alt=\"MCS_Cosmetique_Cuve cone d\u00c7port\u00c7 sous pression 8\" \/><\/figure><\/a><\/div><div class=\"swiper-slide\"><a data-elementor-open-lightbox=\"yes\" data-elementor-lightbox-slideshow=\"5359492\" data-elementor-lightbox-title=\"OLYMPUS DIGITAL CAMERA\" href=\"https:\/\/www.mcs-container.fr\/wp-content\/uploads\/2019\/01\/MCS_Cosmetique_Cuve-cone-d\u00c7port\u00c7-sous-pression-7.jpg\"><figure class=\"swiper-slide-inner\"><img class=\"swiper-slide-image\" src=\"https:\/\/www.mcs-container.fr\/wp-content\/uploads\/2019\/01\/MCS_Cosmetique_Cuve-cone-d\u00c7port\u00c7-sous-pression-7-225x300.jpg\" alt=\"OLYMPUS DIGITAL CAMERA\" \/><\/figure><\/a><\/div><div class=\"swiper-slide\"><a data-elementor-open-lightbox=\"yes\" data-elementor-lightbox-slideshow=\"5359492\" data-elementor-lightbox-title=\"OLYMPUS DIGITAL CAMERA\" href=\"https:\/\/www.mcs-container.fr\/wp-content\/uploads\/2019\/01\/MCS_Cosmetique_Cuve-cone-d\u00c7port\u00c7-sous-pression-5.jpg\"><figure class=\"swiper-slide-inner\"><img class=\"swiper-slide-image\" src=\"https:\/\/www.mcs-container.fr\/wp-content\/uploads\/2019\/01\/MCS_Cosmetique_Cuve-cone-d\u00c7port\u00c7-sous-pression-5-225x300.jpg\" alt=\"OLYMPUS DIGITAL CAMERA\" \/><\/figure><\/a><\/div><div class=\"swiper-slide\"><a data-elementor-open-lightbox=\"yes\" data-elementor-lightbox-slideshow=\"5359492\" data-elementor-lightbox-title=\"MCS_Cosmetique_Cuve cone d\u00c7port\u00c7 sous pression 4\" href=\"https:\/\/www.mcs-container.fr\/wp-content\/uploads\/2019\/01\/MCS_Cosmetique_Cuve-cone-d\u00c7port\u00c7-sous-pression-4.jpg\"><figure class=\"swiper-slide-inner\"><img class=\"swiper-slide-image\" src=\"https:\/\/www.mcs-container.fr\/wp-content\/uploads\/2019\/01\/MCS_Cosmetique_Cuve-cone-d\u00c7port\u00c7-sous-pression-4-225x300.jpg\" alt=\"MCS_Cosmetique_Cuve cone d\u00c7port\u00c7 sous pression 4\" \/><\/figure><\/a><\/div><div class=\"swiper-slide\"><a data-elementor-open-lightbox=\"yes\" data-elementor-lightbox-slideshow=\"5359492\" data-elementor-lightbox-title=\"MCS_Cosmetique_Cuve cone d\u00c7port\u00c7 sous pression 3\" href=\"https:\/\/www.mcs-container.fr\/wp-content\/uploads\/2019\/01\/MCS_Cosmetique_Cuve-cone-d\u00c7port\u00c7-sous-pression-3-e1549014732399.jpg\"><figure class=\"swiper-slide-inner\"><img class=\"swiper-slide-image\" src=\"https:\/\/www.mcs-container.fr\/wp-content\/uploads\/2019\/01\/MCS_Cosmetique_Cuve-cone-d\u00c7port\u00c7-sous-pression-3-e1549014732399-225x300.jpg\" alt=\"MCS_Cosmetique_Cuve cone d\u00c7port\u00c7 sous pression 3\" \/><\/figure><\/a><\/div><div class=\"swiper-slide\"><a data-elementor-open-lightbox=\"yes\" data-elementor-lightbox-slideshow=\"5359492\" data-elementor-lightbox-title=\"MCS_Cosmetique_Cuve cone d\u00c7port\u00c7 sous pression 2\" href=\"https:\/\/www.mcs-container.fr\/wp-content\/uploads\/2019\/01\/MCS_Cosmetique_Cuve-cone-d\u00c7port\u00c7-sous-pression-2-3.jpg\"><figure class=\"swiper-slide-inner\"><img class=\"swiper-slide-image\" src=\"https:\/\/www.mcs-container.fr\/wp-content\/uploads\/2019\/01\/MCS_Cosmetique_Cuve-cone-d\u00c7port\u00c7-sous-pression-2-3-169x300.jpg\" alt=\"MCS_Cosmetique_Cuve cone d\u00c7port\u00c7 sous pression 2\" \/><\/figure><\/a><\/div><div class=\"swiper-slide\"><a data-elementor-open-lightbox=\"yes\" data-elementor-lightbox-slideshow=\"5359492\" data-elementor-lightbox-title=\"MCS_Cosmetique_Cuve cone d\u00c7port\u00c7 sous pression (2)\" href=\"https:\/\/www.mcs-container.fr\/wp-content\/uploads\/2019\/01\/MCS_Cosmetique_Cuve-cone-d\u00c7port\u00c7-sous-pression-2-2.jpg\"><figure class=\"swiper-slide-inner\"><img class=\"swiper-slide-image\" src=\"https:\/\/www.mcs-container.fr\/wp-content\/uploads\/2019\/01\/MCS_Cosmetique_Cuve-cone-d\u00c7port\u00c7-sous-pression-2-2-169x300.jpg\" alt=\"MCS_Cosmetique_Cuve cone d\u00c7port\u00c7 sous pression (2)\" \/><\/figure><\/a><\/div><div class=\"swiper-slide\"><a data-elementor-open-lightbox=\"yes\" data-elementor-lightbox-slideshow=\"5359492\" data-elementor-lightbox-title=\"MCS_Cosmetique_Cuve cone d\u00c7port\u00c7 sous pression (1)\" href=\"https:\/\/www.mcs-container.fr\/wp-content\/uploads\/2019\/01\/MCS_Cosmetique_Cuve-cone-d\u00c7port\u00c7-sous-pression-1-1.jpg\"><figure class=\"swiper-slide-inner\"><img class=\"swiper-slide-image\" src=\"https:\/\/www.mcs-container.fr\/wp-content\/uploads\/2019\/01\/MCS_Cosmetique_Cuve-cone-d\u00c7port\u00c7-sous-pression-1-1-300x169.jpg\" alt=\"MCS_Cosmetique_Cuve cone d\u00c7port\u00c7 sous pression (1)\" \/><\/figure><\/a><\/div><div class=\"swiper-slide\"><a data-elementor-open-lightbox=\"yes\" data-elementor-lightbox-slideshow=\"5359492\" data-elementor-lightbox-title=\"MCS_Cosmetique_Cuve cone d\u00c7port\u00c7 (9)\" href=\"https:\/\/www.mcs-container.fr\/wp-content\/uploads\/2019\/01\/MCS_Cosmetique_Cuve-cone-d\u00c7port\u00c7-9.jpg\"><figure class=\"swiper-slide-inner\"><img class=\"swiper-slide-image\" src=\"https:\/\/www.mcs-container.fr\/wp-content\/uploads\/2019\/01\/MCS_Cosmetique_Cuve-cone-d\u00c7port\u00c7-9-300x225.jpg\" alt=\"MCS_Cosmetique_Cuve cone d\u00c7port\u00c7 (9)\" \/><\/figure><\/a><\/div><div class=\"swiper-slide\"><a data-elementor-open-lightbox=\"yes\" data-elementor-lightbox-slideshow=\"5359492\" data-elementor-lightbox-title=\"MCS_Cosmetique_Cuve cone d\u00c7port\u00c7 (7)\" href=\"https:\/\/www.mcs-container.fr\/wp-content\/uploads\/2019\/01\/MCS_Cosmetique_Cuve-cone-d\u00c7port\u00c7-7.jpg\"><figure class=\"swiper-slide-inner\"><img class=\"swiper-slide-image\" src=\"https:\/\/www.mcs-container.fr\/wp-content\/uploads\/2019\/01\/MCS_Cosmetique_Cuve-cone-d\u00c7port\u00c7-7-300x225.jpg\" alt=\"MCS_Cosmetique_Cuve cone d\u00c7port\u00c7 (7)\" \/><\/figure><\/a><\/div><div class=\"swiper-slide\"><a data-elementor-open-lightbox=\"yes\" data-elementor-lightbox-slideshow=\"5359492\" data-elementor-lightbox-title=\"MCS_Cosmetique_Cuve cone d\u00c7port\u00c7 (4)\" href=\"https:\/\/www.mcs-container.fr\/wp-content\/uploads\/2019\/01\/MCS_Cosmetique_Cuve-cone-d\u00c7port\u00c7-4.jpg\"><figure class=\"swiper-slide-inner\"><img class=\"swiper-slide-image\" src=\"https:\/\/www.mcs-container.fr\/wp-content\/uploads\/2019\/01\/MCS_Cosmetique_Cuve-cone-d\u00c7port\u00c7-4-225x300.jpg\" alt=\"MCS_Cosmetique_Cuve cone d\u00c7port\u00c7 (4)\" \/><\/figure><\/a><\/div><div class=\"swiper-slide\"><a data-elementor-open-lightbox=\"yes\" data-elementor-lightbox-slideshow=\"5359492\" data-elementor-lightbox-title=\"MCS_Cosmetique_Cuve cone d\u00c7port\u00c7 (3)\" href=\"https:\/\/www.mcs-container.fr\/wp-content\/uploads\/2019\/01\/MCS_Cosmetique_Cuve-cone-d\u00c7port\u00c7-3.jpg\"><figure class=\"swiper-slide-inner\"><img class=\"swiper-slide-image\" src=\"https:\/\/www.mcs-container.fr\/wp-content\/uploads\/2019\/01\/MCS_Cosmetique_Cuve-cone-d\u00c7port\u00c7-3-300x225.jpg\" alt=\"MCS_Cosmetique_Cuve cone d\u00c7port\u00c7 (3)\" \/><\/figure><\/a><\/div><div class=\"swiper-slide\"><a data-elementor-open-lightbox=\"yes\" data-elementor-lightbox-slideshow=\"5359492\" data-elementor-lightbox-title=\"MCS_Cosmetique_Cuve cone d\u00c7port\u00c7 (1)\" href=\"https:\/\/www.mcs-container.fr\/wp-content\/uploads\/2019\/01\/MCS_Cosmetique_Cuve-cone-d\u00c7port\u00c7-1.jpg\"><figure class=\"swiper-slide-inner\"><img class=\"swiper-slide-image\" src=\"https:\/\/www.mcs-container.fr\/wp-content\/uploads\/2019\/01\/MCS_Cosmetique_Cuve-cone-d\u00c7port\u00c7-1-300x225.jpg\" alt=\"MCS_Cosmetique_Cuve cone d\u00c7port\u00c7 (1)\" \/><\/figure><\/a><\/div>\t\t\t<\/div>\n\t\t\t\t\t\t\t\t\t\t\t\t<div class=\"swiper-pagination\"><\/div>\n\t\t\t\t\t\t\t\t\t\t\t\t\t<div class=\"elementor-swiper-button elementor-swiper-button-prev\">\n\t\t\t\t\t\t<i class=\"eicon-chevron-left\" aria-hidden=\"true\"><\/i>\n\t\t\t\t\t\t<span class=\"elementor-screen-only\">Pr\u00e9c\u00e9dent<\/span>\n\t\t\t\t\t<\/div>\n\t\t\t\t\t<div class=\"elementor-swiper-button elementor-swiper-button-next\">\n\t\t\t\t\t\t<i class=\"eicon-chevron-right\" aria-hidden=\"true\"><\/i>\n\t\t\t\t\t\t<span class=\"elementor-screen-only\">Suivant<\/span>\n\t\t\t\t\t<\/div>\n\t\t\t\t\t\t\t\t\t<\/div>\n\t\t\t\t<\/div>\n\t\t\t\t<\/div>\n\t\t\t\t\t\t<\/div>\n\t\t\t\t\t<\/div>\n\t\t<\/div>\n\t\t\t\t\t\t\t\t<\/div>\n\t\t\t\t\t<\/div>\n\t\t<\/section>\n\t\t\t\t<section class=\"elementor-section elementor-top-section elementor-element elementor-element-54eb49b elementor-section-boxed elementor-section-height-default elementor-section-height-default\" data-id=\"54eb49b\" data-element_type=\"section\">\n\t\t\t\t\t\t<div class=\"elementor-container elementor-column-gap-default\">\n\t\t\t\t\t\t\t<div class=\"elementor-row\">\n\t\t\t\t\t<div class=\"elementor-column elementor-col-100 elementor-top-column elementor-element elementor-element-fc33104\" data-id=\"fc33104\" data-element_type=\"column\">\n\t\t\t<div class=\"elementor-column-wrap elementor-element-populated\">\n\t\t\t\t\t\t\t<div class=\"elementor-widget-wrap\">\n\t\t\t\t\t\t<div class=\"elementor-element elementor-element-c03ff74 elementor-widget elementor-widget-text-editor\" data-id=\"c03ff74\" data-element_type=\"widget\" data-widget_type=\"text-editor.default\">\n\t\t\t\t<div class=\"elementor-widget-container\">\n\t\t\t\t\t<div class=\"elementor-text-editor elementor-clearfix\"><p>Tous nos produits sont con\u00e7us pour r\u00e9pondre aux besoins sp\u00e9cifiques de nos clients et sont enti\u00e8rement adapt\u00e9s \u00e0 leurs processus, dans le respect des exigences r\u00e9glementaires les plus s\u00e9v\u00e8res de cette industrie\u00a0: directive DESP 2014\/68\/UE, ATEX, RID\/ADR, \u2026<\/p><\/div>\n\t\t\t\t<\/div>\n\t\t\t\t<\/div>\n\t\t\t\t\t\t<\/div>\n\t\t\t\t\t<\/div>\n\t\t<\/div>\n\t\t\t\t\t\t\t\t<\/div>\n\t\t\t\t\t<\/div>\n\t\t<\/section>\n\t\t\t\t<section class=\"elementor-section elementor-top-section elementor-element elementor-element-724c93e elementor-section-boxed elementor-section-height-default elementor-section-height-default\" data-id=\"724c93e\" data-element_type=\"section\">\n\t\t\t\t\t\t<div class=\"elementor-container elementor-column-gap-default\">\n\t\t\t\t\t\t\t<div class=\"elementor-row\">\n\t\t\t\t\t<div class=\"elementor-column elementor-col-100 elementor-top-column elementor-element elementor-element-dd65712\" data-id=\"dd65712\" data-element_type=\"column\">\n\t\t\t<div class=\"elementor-column-wrap elementor-element-populated\">\n\t\t\t\t\t\t\t<div class=\"elementor-widget-wrap\">\n\t\t\t\t\t\t<div class=\"elementor-element elementor-element-42621fb6 elementor-widget elementor-widget-heading\" data-id=\"42621fb6\" data-element_type=\"widget\" data-widget_type=\"heading.default\">\n\t\t\t\t<div class=\"elementor-widget-container\">\n\t\t\t<h2 class=\"elementor-heading-title elementor-size-default\">Nos r\u00e9alisations<\/h2>\t\t<\/div>\n\t\t\t\t<\/div>\n\t\t\t\t\t\t<\/div>\n\t\t\t\t\t<\/div>\n\t\t<\/div>\n\t\t\t\t\t\t\t\t<\/div>\n\t\t\t\t\t<\/div>\n\t\t<\/section>\n\t\t\t\t<section class=\"elementor-section elementor-top-section elementor-element elementor-element-4d8d4f4 elementor-section-boxed elementor-section-height-default elementor-section-height-default\" data-id=\"4d8d4f4\" data-element_type=\"section\">\n\t\t\t\t\t\t<div class=\"elementor-container elementor-column-gap-default\">\n\t\t\t\t\t\t\t<div class=\"elementor-row\">\n\t\t\t\t\t<div class=\"elementor-column elementor-col-50 elementor-top-column elementor-element elementor-element-3d20157\" data-id=\"3d20157\" data-element_type=\"column\">\n\t\t\t<div class=\"elementor-column-wrap elementor-element-populated\">\n\t\t\t\t\t\t\t<div class=\"elementor-widget-wrap\">\n\t\t\t\t\t\t<div class=\"elementor-element elementor-element-3fb1cd4 elementor-icon-list--layout-traditional elementor-list-item-link-full_width elementor-invisible elementor-widget elementor-widget-icon-list\" data-id=\"3fb1cd4\" data-element_type=\"widget\" data-settings=\"{&quot;_animation&quot;:&quot;fadeInLeft&quot;}\" data-widget_type=\"icon-list.default\">\n\t\t\t\t<div class=\"elementor-widget-container\">\n\t\t\t\t\t<ul class=\"elementor-icon-list-items\">\n\t\t\t\t\t\t\t<li class=\"elementor-icon-list-item\">\n\t\t\t\t\t\t\t\t\t\t\t<span class=\"elementor-icon-list-icon\">\n\t\t\t\t\t\t\t\t\t\t\t\t\t\t\t\t<i class=\"fa fa-check\" aria-hidden=\"true\"><\/i>\n\t\t\t\t\t\t\t\t\t\t\t\t\t<\/span>\n\t\t\t\t\t\t\t\t\t\t<span class=\"elementor-icon-list-text\">Cuve \u00e0 fond GRC ou fond plat<\/span>\n\t\t\t\t\t\t\t\t\t<\/li>\n\t\t\t\t\t\t\t\t<li class=\"elementor-icon-list-item\">\n\t\t\t\t\t\t\t\t\t\t\t<span class=\"elementor-icon-list-icon\">\n\t\t\t\t\t\t\t\t\t\t\t\t\t\t\t\t<i class=\"fa fa-check\" aria-hidden=\"true\"><\/i>\n\t\t\t\t\t\t\t\t\t\t\t\t\t<\/span>\n\t\t\t\t\t\t\t\t\t\t<span class=\"elementor-icon-list-text\">Cuve \u00e0 conne droit ou \u00e0 conne d\u00e9port\u00e9<\/span>\n\t\t\t\t\t\t\t\t\t<\/li>\n\t\t\t\t\t\t\t\t<li class=\"elementor-icon-list-item\">\n\t\t\t\t\t\t\t\t\t\t\t<span class=\"elementor-icon-list-icon\">\n\t\t\t\t\t\t\t\t\t\t\t\t\t\t\t\t<i class=\"fa fa-check\" aria-hidden=\"true\"><\/i>\n\t\t\t\t\t\t\t\t\t\t\t\t\t<\/span>\n\t\t\t\t\t\t\t\t\t\t<span class=\"elementor-icon-list-text\">Cuve cylindrique pressurisable<\/span>\n\t\t\t\t\t\t\t\t\t<\/li>\n\t\t\t\t\t\t\t\t<li class=\"elementor-icon-list-item\">\n\t\t\t\t\t\t\t\t\t\t\t<span class=\"elementor-icon-list-icon\">\n\t\t\t\t\t\t\t\t\t\t\t\t\t\t\t\t<i class=\"fa fa-check\" aria-hidden=\"true\"><\/i>\n\t\t\t\t\t\t\t\t\t\t\t\t\t<\/span>\n\t\t\t\t\t\t\t\t\t\t<span class=\"elementor-icon-list-text\">Cuve isol\u00e9e et r\u00e9chauff\u00e9e, \u00e0 simple ou double paroi<\/span>\n\t\t\t\t\t\t\t\t\t<\/li>\n\t\t\t\t\t\t<\/ul>\n\t\t\t\t<\/div>\n\t\t\t\t<\/div>\n\t\t\t\t\t\t<\/div>\n\t\t\t\t\t<\/div>\n\t\t<\/div>\n\t\t\t\t<div class=\"elementor-column elementor-col-50 elementor-top-column elementor-element elementor-element-a17c378\" data-id=\"a17c378\" data-element_type=\"column\">\n\t\t\t<div class=\"elementor-column-wrap elementor-element-populated\">\n\t\t\t\t\t\t\t<div class=\"elementor-widget-wrap\">\n\t\t\t\t\t\t<div class=\"elementor-element elementor-element-eb0285a elementor-icon-list--layout-traditional elementor-list-item-link-full_width elementor-invisible elementor-widget elementor-widget-icon-list\" data-id=\"eb0285a\" data-element_type=\"widget\" data-settings=\"{&quot;_animation&quot;:&quot;fadeInRight&quot;}\" data-widget_type=\"icon-list.default\">\n\t\t\t\t<div class=\"elementor-widget-container\">\n\t\t\t\t\t<ul class=\"elementor-icon-list-items\">\n\t\t\t\t\t\t\t<li class=\"elementor-icon-list-item\">\n\t\t\t\t\t\t\t\t\t\t\t<span class=\"elementor-icon-list-icon\">\n\t\t\t\t\t\t\t\t\t\t\t\t\t\t\t\t<i class=\"fa fa-check\" aria-hidden=\"true\"><\/i>\n\t\t\t\t\t\t\t\t\t\t\t\t\t<\/span>\n\t\t\t\t\t\t\t\t\t\t<span class=\"elementor-icon-list-text\">Cuve avec syst\u00e8me d'agitation<\/span>\n\t\t\t\t\t\t\t\t\t<\/li>\n\t\t\t\t\t\t\t\t<li class=\"elementor-icon-list-item\">\n\t\t\t\t\t\t\t\t\t\t\t<span class=\"elementor-icon-list-icon\">\n\t\t\t\t\t\t\t\t\t\t\t\t\t\t\t\t<i class=\"fa fa-check\" aria-hidden=\"true\"><\/i>\n\t\t\t\t\t\t\t\t\t\t\t\t\t<\/span>\n\t\t\t\t\t\t\t\t\t\t<span class=\"elementor-icon-list-text\">Cuve ATEX<\/span>\n\t\t\t\t\t\t\t\t\t<\/li>\n\t\t\t\t\t\t\t\t<li class=\"elementor-icon-list-item\">\n\t\t\t\t\t\t\t\t\t\t\t<span class=\"elementor-icon-list-icon\">\n\t\t\t\t\t\t\t\t\t\t\t\t\t\t\t\t<i class=\"fa fa-check\" aria-hidden=\"true\"><\/i>\n\t\t\t\t\t\t\t\t\t\t\t\t\t<\/span>\n\t\t\t\t\t\t\t\t\t\t<span class=\"elementor-icon-list-text\">Cuve agr\u00e9e pour le transport ADR<\/span>\n\t\t\t\t\t\t\t\t\t<\/li>\n\t\t\t\t\t\t<\/ul>\n\t\t\t\t<\/div>\n\t\t\t\t<\/div>\n\t\t\t\t\t\t<\/div>\n\t\t\t\t\t<\/div>\n\t\t<\/div>\n\t\t\t\t\t\t\t\t<\/div>\n\t\t\t\t\t<\/div>\n\t\t<\/section>\n\t\t\t\t\t\t<\/div>\n\t\t\t\t\t\t<\/div>\n\t\t\t\t\t<\/div>\n\t\t","protected":false},"excerpt":{"rendered":"<p>Fabrication &#8211; Cosm\u00e9tique MCS est un acteur reconnu dans la conception et la fabrication de cuves et r\u00e9cipients en acier inoxydable de diff\u00e9rents volumes, r\u00e9pondant aux exigences \u00e9lev\u00e9es de nos clients dans ce secteur. Nous disposons du savoir-faire et des moyens pour concevoir et fabriquer des cuves et r\u00e9cipients permettant de conserver les caract\u00e9ristiques des [&hellip;]<\/p>\n","protected":false},"author":1,"featured_media":0,"parent":0,"menu_order":0,"comment_status":"closed","ping_status":"closed","template":"","meta":{"spay_email":""},"_links":{"self":[{"href":"https:\/\/www.mcs-container.fr\/index.php\/wp-json\/wp\/v2\/pages\/169"}],"collection":[{"href":"https:\/\/www.mcs-container.fr\/index.php\/wp-json\/wp\/v2\/pages"}],"about":[{"href":"https:\/\/www.mcs-container.fr\/index.php\/wp-json\/wp\/v2\/types\/page"}],"author":[{"embeddable":true,"href":"https:\/\/www.mcs-container.fr\/index.php\/wp-json\/wp\/v2\/users\/1"}],"replies":[{"embeddable":true,"href":"https:\/\/www.mcs-container.fr\/index.php\/wp-json\/wp\/v2\/comments?post=169"}],"version-history":[{"count":14,"href":"https:\/\/www.mcs-container.fr\/index.php\/wp-json\/wp\/v2\/pages\/169\/revisions"}],"predecessor-version":[{"id":629,"href":"https:\/\/www.mcs-container.fr\/index.php\/wp-json\/wp\/v2\/pages\/169\/revisions\/629"}],"wp:attachment":[{"href":"https:\/\/www.mcs-container.fr\/index.php\/wp-json\/wp\/v2\/media?parent=169"}],"curies":[{"name":"wp","href":"https:\/\/api.w.org\/{rel}","templated":true}]}}