{"id":165,"date":"2018-10-30T10:13:13","date_gmt":"2018-10-30T09:13:13","guid":{"rendered":"http:\/\/e-sherpa.fr\/?page_id=165"},"modified":"2019-03-28T11:21:17","modified_gmt":"2019-03-28T10:21:17","slug":"fabrications","status":"publish","type":"page","link":"https:\/\/www.mcs-container.fr\/index.php\/fabrications\/","title":{"rendered":"Fabrications"},"content":{"rendered":"\t\t<div data-elementor-type=\"wp-post\" data-elementor-id=\"165\" class=\"elementor elementor-165 elementor-bc-flex-widget\" data-elementor-settings=\"[]\">\n\t\t\t\t\t\t<div class=\"elementor-inner\">\n\t\t\t\t\t\t\t<div class=\"elementor-section-wrap\">\n\t\t\t\t\t\t\t<section class=\"elementor-section elementor-top-section elementor-element elementor-element-0dcabd6 elementor-section-boxed elementor-section-height-default elementor-section-height-default\" data-id=\"0dcabd6\" data-element_type=\"section\">\n\t\t\t\t\t\t<div class=\"elementor-container elementor-column-gap-default\">\n\t\t\t\t\t\t\t<div class=\"elementor-row\">\n\t\t\t\t\t<div class=\"elementor-column elementor-col-100 elementor-top-column elementor-element elementor-element-f5f8f12\" data-id=\"f5f8f12\" data-element_type=\"column\">\n\t\t\t<div class=\"elementor-column-wrap elementor-element-populated\">\n\t\t\t\t\t\t\t<div class=\"elementor-widget-wrap\">\n\t\t\t\t\t\t<div class=\"elementor-element elementor-element-bcd6045 elementor-widget elementor-widget-heading\" data-id=\"bcd6045\" data-element_type=\"widget\" data-widget_type=\"heading.default\">\n\t\t\t\t<div class=\"elementor-widget-container\">\n\t\t\t<h2 class=\"elementor-heading-title elementor-size-default\">L'art de notre fabrication sur mesure<\/h2>\t\t<\/div>\n\t\t\t\t<\/div>\n\t\t\t\t<div class=\"elementor-element elementor-element-59c4e5d elementor-widget elementor-widget-text-editor\" data-id=\"59c4e5d\" data-element_type=\"widget\" data-widget_type=\"text-editor.default\">\n\t\t\t\t<div class=\"elementor-widget-container\">\n\t\t\t\t\t<div class=\"elementor-text-editor elementor-clearfix\"><p><span style=\"font-weight: 400;\">MCS est sp\u00e9cialis\u00e9e dans le d\u00e9veloppement et la fabrication de Cuves, GRV, Conteneurs citernes et \u00e0 pression de diff\u00e9rents volumes, en acier carbone et en acier inoxydable. <\/span><\/p><p><span style=\"font-weight: 400;\">Nos produits sont destin\u00e9s au process, au stockage et au transport de produits liquides et mat\u00e9riaux en poudre, sensibles ou dangereux. <\/span><\/p><\/div>\n\t\t\t\t<\/div>\n\t\t\t\t<\/div>\n\t\t\t\t\t\t<\/div>\n\t\t\t\t\t<\/div>\n\t\t<\/div>\n\t\t\t\t\t\t\t\t<\/div>\n\t\t\t\t\t<\/div>\n\t\t<\/section>\n\t\t\t\t<section class=\"elementor-section elementor-top-section elementor-element elementor-element-323f681 elementor-section-boxed elementor-section-height-default elementor-section-height-default\" data-id=\"323f681\" data-element_type=\"section\">\n\t\t\t\t\t\t<div class=\"elementor-container elementor-column-gap-default\">\n\t\t\t\t\t\t\t<div class=\"elementor-row\">\n\t\t\t\t\t<div class=\"elementor-column elementor-col-25 elementor-top-column elementor-element elementor-element-0886465\" data-id=\"0886465\" data-element_type=\"column\">\n\t\t\t<div class=\"elementor-column-wrap elementor-element-populated\">\n\t\t\t\t\t\t\t<div class=\"elementor-widget-wrap\">\n\t\t\t\t\t\t<div class=\"elementor-element elementor-element-145fbae elementor-widget elementor-widget-image\" data-id=\"145fbae\" data-element_type=\"widget\" data-widget_type=\"image.default\">\n\t\t\t\t<div class=\"elementor-widget-container\">\n\t\t\t\t\t<div class=\"elementor-image\">\n\t\t\t\t\t\t\t\t\t\t\t<a href=\"https:\/\/www.mcs-container.fr\/index.php\/petrochimie\/\">\n\t\t\t\t\t\t\t<img width=\"768\" height=\"1024\" src=\"https:\/\/www.mcs-container.fr\/wp-content\/uploads\/2019\/01\/MCS_Chimie_Conteneur-Citerne-RID-ADR-sous-pression-3-1-768x1024.jpg\" class=\"elementor-animation-shrink attachment-large size-large\" alt=\"\" loading=\"lazy\" srcset=\"https:\/\/www.mcs-container.fr\/wp-content\/uploads\/2019\/01\/MCS_Chimie_Conteneur-Citerne-RID-ADR-sous-pression-3-1-768x1024.jpg 768w, https:\/\/www.mcs-container.fr\/wp-content\/uploads\/2019\/01\/MCS_Chimie_Conteneur-Citerne-RID-ADR-sous-pression-3-1-225x300.jpg 225w\" sizes=\"(max-width: 768px) 100vw, 768px\" \/>\t\t\t\t\t\t\t\t<\/a>\n\t\t\t\t\t\t\t\t\t\t\t<\/div>\n\t\t\t\t<\/div>\n\t\t\t\t<\/div>\n\t\t\t\t<div class=\"elementor-element elementor-element-8e2d605 elementor-position-top elementor-vertical-align-top elementor-widget elementor-widget-image-box\" data-id=\"8e2d605\" data-element_type=\"widget\" data-widget_type=\"image-box.default\">\n\t\t\t\t<div class=\"elementor-widget-container\">\n\t\t\t<div class=\"elementor-image-box-wrapper\"><div class=\"elementor-image-box-content\"><h3 class=\"elementor-image-box-title\"><a href=\"https:\/\/www.mcs-container.fr\/index.php\/petrochimie\/\">Chimie<\/a><\/h3><\/div><\/div>\t\t<\/div>\n\t\t\t\t<\/div>\n\t\t\t\t\t\t<\/div>\n\t\t\t\t\t<\/div>\n\t\t<\/div>\n\t\t\t\t<div class=\"elementor-column elementor-col-25 elementor-top-column elementor-element elementor-element-a0f3acb\" data-id=\"a0f3acb\" data-element_type=\"column\">\n\t\t\t<div class=\"elementor-column-wrap elementor-element-populated\">\n\t\t\t\t\t\t\t<div class=\"elementor-widget-wrap\">\n\t\t\t\t\t\t<div class=\"elementor-element elementor-element-39c7641 elementor-widget elementor-widget-image\" data-id=\"39c7641\" data-element_type=\"widget\" data-widget_type=\"image.default\">\n\t\t\t\t<div class=\"elementor-widget-container\">\n\t\t\t\t\t<div class=\"elementor-image\">\n\t\t\t\t\t\t\t\t\t\t\t<a href=\"https:\/\/www.mcs-container.fr\/index.php\/cosmetique\/\">\n\t\t\t\t\t\t\t<img width=\"576\" height=\"1024\" src=\"https:\/\/www.mcs-container.fr\/wp-content\/uploads\/2019\/01\/MCS_Cosmetique_Cuve-cone-d\u00c7port\u00c7-sous-pression-2-1-576x1024.jpg\" class=\"elementor-animation-shrink attachment-large size-large\" alt=\"\" loading=\"lazy\" srcset=\"https:\/\/www.mcs-container.fr\/wp-content\/uploads\/2019\/01\/MCS_Cosmetique_Cuve-cone-d\u00c7port\u00c7-sous-pression-2-1-576x1024.jpg 576w, https:\/\/www.mcs-container.fr\/wp-content\/uploads\/2019\/01\/MCS_Cosmetique_Cuve-cone-d\u00c7port\u00c7-sous-pression-2-1-169x300.jpg 169w, https:\/\/www.mcs-container.fr\/wp-content\/uploads\/2019\/01\/MCS_Cosmetique_Cuve-cone-d\u00c7port\u00c7-sous-pression-2-1-768x1365.jpg 768w\" sizes=\"(max-width: 576px) 100vw, 576px\" \/>\t\t\t\t\t\t\t\t<\/a>\n\t\t\t\t\t\t\t\t\t\t\t<\/div>\n\t\t\t\t<\/div>\n\t\t\t\t<\/div>\n\t\t\t\t<div class=\"elementor-element elementor-element-cb35a79 elementor-position-top elementor-vertical-align-top elementor-widget elementor-widget-image-box\" data-id=\"cb35a79\" data-element_type=\"widget\" data-widget_type=\"image-box.default\">\n\t\t\t\t<div class=\"elementor-widget-container\">\n\t\t\t<div class=\"elementor-image-box-wrapper\"><div class=\"elementor-image-box-content\"><h3 class=\"elementor-image-box-title\"><a href=\"https:\/\/www.mcs-container.fr\/index.php\/cosmetique\/\">Cosm\u00e9tique<\/a><\/h3><\/div><\/div>\t\t<\/div>\n\t\t\t\t<\/div>\n\t\t\t\t\t\t<\/div>\n\t\t\t\t\t<\/div>\n\t\t<\/div>\n\t\t\t\t<div class=\"elementor-column elementor-col-25 elementor-top-column elementor-element elementor-element-802ba01\" data-id=\"802ba01\" data-element_type=\"column\">\n\t\t\t<div class=\"elementor-column-wrap elementor-element-populated\">\n\t\t\t\t\t\t\t<div class=\"elementor-widget-wrap\">\n\t\t\t\t\t\t<div class=\"elementor-element elementor-element-dab7bff elementor-widget elementor-widget-image\" data-id=\"dab7bff\" data-element_type=\"widget\" data-widget_type=\"image.default\">\n\t\t\t\t<div class=\"elementor-widget-container\">\n\t\t\t\t\t<div class=\"elementor-image\">\n\t\t\t\t\t\t\t\t\t\t\t<a href=\"https:\/\/www.mcs-container.fr\/index.php\/pharmaceutique\/\">\n\t\t\t\t\t\t\t<img width=\"576\" height=\"1024\" src=\"https:\/\/www.mcs-container.fr\/wp-content\/uploads\/2019\/01\/MCS_Pharmaceutique_Cuve-cone-deport\u00c7-sous-pression-576x1024.jpg\" class=\"elementor-animation-shrink attachment-large size-large\" alt=\"\" loading=\"lazy\" srcset=\"https:\/\/www.mcs-container.fr\/wp-content\/uploads\/2019\/01\/MCS_Pharmaceutique_Cuve-cone-deport\u00c7-sous-pression-576x1024.jpg 576w, https:\/\/www.mcs-container.fr\/wp-content\/uploads\/2019\/01\/MCS_Pharmaceutique_Cuve-cone-deport\u00c7-sous-pression-169x300.jpg 169w, https:\/\/www.mcs-container.fr\/wp-content\/uploads\/2019\/01\/MCS_Pharmaceutique_Cuve-cone-deport\u00c7-sous-pression.jpg 702w\" sizes=\"(max-width: 576px) 100vw, 576px\" \/>\t\t\t\t\t\t\t\t<\/a>\n\t\t\t\t\t\t\t\t\t\t\t<\/div>\n\t\t\t\t<\/div>\n\t\t\t\t<\/div>\n\t\t\t\t<div class=\"elementor-element elementor-element-975b767 elementor-position-top elementor-vertical-align-top elementor-widget elementor-widget-image-box\" data-id=\"975b767\" data-element_type=\"widget\" data-widget_type=\"image-box.default\">\n\t\t\t\t<div class=\"elementor-widget-container\">\n\t\t\t<div class=\"elementor-image-box-wrapper\"><div class=\"elementor-image-box-content\"><h3 class=\"elementor-image-box-title\"><a href=\"https:\/\/www.mcs-container.fr\/index.php\/pharmaceutique\/\">Pharmaceutique<\/a><\/h3><\/div><\/div>\t\t<\/div>\n\t\t\t\t<\/div>\n\t\t\t\t\t\t<\/div>\n\t\t\t\t\t<\/div>\n\t\t<\/div>\n\t\t\t\t<div class=\"elementor-column elementor-col-25 elementor-top-column elementor-element elementor-element-00194cd\" data-id=\"00194cd\" data-element_type=\"column\">\n\t\t\t<div class=\"elementor-column-wrap elementor-element-populated\">\n\t\t\t\t\t\t\t<div class=\"elementor-widget-wrap\">\n\t\t\t\t\t\t<div class=\"elementor-element elementor-element-33f7599 elementor-widget elementor-widget-image\" data-id=\"33f7599\" data-element_type=\"widget\" data-widget_type=\"image.default\">\n\t\t\t\t<div class=\"elementor-widget-container\">\n\t\t\t\t\t<div class=\"elementor-image\">\n\t\t\t\t\t\t\t\t\t\t\t<a href=\"https:\/\/www.mcs-container.fr\/index.php\/agroalimentaire\/\">\n\t\t\t\t\t\t\t<img width=\"768\" height=\"1024\" src=\"https:\/\/www.mcs-container.fr\/wp-content\/uploads\/2019\/01\/MCS_Cuve-vinicole-cylindrique-2-768x1024.jpg\" class=\"elementor-animation-shrink attachment-large size-large\" alt=\"\" loading=\"lazy\" srcset=\"https:\/\/www.mcs-container.fr\/wp-content\/uploads\/2019\/01\/MCS_Cuve-vinicole-cylindrique-2-768x1024.jpg 768w, https:\/\/www.mcs-container.fr\/wp-content\/uploads\/2019\/01\/MCS_Cuve-vinicole-cylindrique-2-225x300.jpg 225w\" sizes=\"(max-width: 768px) 100vw, 768px\" \/>\t\t\t\t\t\t\t\t<\/a>\n\t\t\t\t\t\t\t\t\t\t\t<\/div>\n\t\t\t\t<\/div>\n\t\t\t\t<\/div>\n\t\t\t\t<div class=\"elementor-element elementor-element-d056bb8 elementor-position-top elementor-vertical-align-top elementor-widget elementor-widget-image-box\" data-id=\"d056bb8\" data-element_type=\"widget\" data-widget_type=\"image-box.default\">\n\t\t\t\t<div class=\"elementor-widget-container\">\n\t\t\t<div class=\"elementor-image-box-wrapper\"><div class=\"elementor-image-box-content\"><h3 class=\"elementor-image-box-title\"><a href=\"https:\/\/www.mcs-container.fr\/index.php\/agroalimentaire\/\">Agroalimentaire<\/a><\/h3><\/div><\/div>\t\t<\/div>\n\t\t\t\t<\/div>\n\t\t\t\t\t\t<\/div>\n\t\t\t\t\t<\/div>\n\t\t<\/div>\n\t\t\t\t\t\t\t\t<\/div>\n\t\t\t\t\t<\/div>\n\t\t<\/section>\n\t\t\t\t<section class=\"elementor-section elementor-top-section elementor-element elementor-element-e1eb58d elementor-section-boxed elementor-section-height-default elementor-section-height-default\" data-id=\"e1eb58d\" data-element_type=\"section\">\n\t\t\t\t\t\t<div class=\"elementor-container elementor-column-gap-default\">\n\t\t\t\t\t\t\t<div class=\"elementor-row\">\n\t\t\t\t\t<div class=\"elementor-column elementor-col-100 elementor-top-column elementor-element elementor-element-44c7a37\" data-id=\"44c7a37\" data-element_type=\"column\">\n\t\t\t<div class=\"elementor-column-wrap elementor-element-populated\">\n\t\t\t\t\t\t\t<div class=\"elementor-widget-wrap\">\n\t\t\t\t\t\t<div class=\"elementor-element elementor-element-4fbde77 elementor-widget elementor-widget-text-editor\" data-id=\"4fbde77\" data-element_type=\"widget\" data-widget_type=\"text-editor.default\">\n\t\t\t\t<div class=\"elementor-widget-container\">\n\t\t\t\t\t<div class=\"elementor-text-editor elementor-clearfix\"><p><span style=\"font-weight: 400;\">Nous disposons \u00e0 ce titre du savoir-faire et de l\u2019expertise r\u00e9glementaire permettant de faire agr\u00e9er nos produits vis \u00e0 vis de la r\u00e9glementation en vigueur : RID\/ADR, IMDG, CFR49, IATA, Directive 2014\/68\/UE. <\/span><\/p><p><span style=\"font-weight: 400;\">Chaque mat\u00e9riel est con\u00e7u en int\u00e9grant les contraintes et sp\u00e9cificit\u00e9s de nos clients, et dans le strict respect des exigences r\u00e9glementaires les plus s\u00e9v\u00e8res.<\/span><\/p><\/div>\n\t\t\t\t<\/div>\n\t\t\t\t<\/div>\n\t\t\t\t\t\t<\/div>\n\t\t\t\t\t<\/div>\n\t\t<\/div>\n\t\t\t\t\t\t\t\t<\/div>\n\t\t\t\t\t<\/div>\n\t\t<\/section>\n\t\t\t\t\t\t<\/div>\n\t\t\t\t\t\t<\/div>\n\t\t\t\t\t<\/div>\n\t\t","protected":false},"excerpt":{"rendered":"<p>L&rsquo;art de notre fabrication sur mesure MCS est sp\u00e9cialis\u00e9e dans le d\u00e9veloppement et la fabrication de Cuves, GRV, Conteneurs citernes et \u00e0 pression de diff\u00e9rents volumes, en acier carbone et en acier inoxydable. Nos produits sont destin\u00e9s au process, au stockage et au transport de produits liquides et mat\u00e9riaux en poudre, sensibles ou dangereux. Chimie [&hellip;]<\/p>\n","protected":false},"author":1,"featured_media":0,"parent":0,"menu_order":0,"comment_status":"closed","ping_status":"closed","template":"","meta":{"spay_email":""},"_links":{"self":[{"href":"https:\/\/www.mcs-container.fr\/index.php\/wp-json\/wp\/v2\/pages\/165"}],"collection":[{"href":"https:\/\/www.mcs-container.fr\/index.php\/wp-json\/wp\/v2\/pages"}],"about":[{"href":"https:\/\/www.mcs-container.fr\/index.php\/wp-json\/wp\/v2\/types\/page"}],"author":[{"embeddable":true,"href":"https:\/\/www.mcs-container.fr\/index.php\/wp-json\/wp\/v2\/users\/1"}],"replies":[{"embeddable":true,"href":"https:\/\/www.mcs-container.fr\/index.php\/wp-json\/wp\/v2\/comments?post=165"}],"version-history":[{"count":8,"href":"https:\/\/www.mcs-container.fr\/index.php\/wp-json\/wp\/v2\/pages\/165\/revisions"}],"predecessor-version":[{"id":636,"href":"https:\/\/www.mcs-container.fr\/index.php\/wp-json\/wp\/v2\/pages\/165\/revisions\/636"}],"wp:attachment":[{"href":"https:\/\/www.mcs-container.fr\/index.php\/wp-json\/wp\/v2\/media?parent=165"}],"curies":[{"name":"wp","href":"https:\/\/api.w.org\/{rel}","templated":true}]}}