{"id":163,"date":"2018-10-30T10:12:49","date_gmt":"2018-10-30T09:12:49","guid":{"rendered":"http:\/\/e-sherpa.fr\/?page_id=163"},"modified":"2019-03-28T10:58:30","modified_gmt":"2019-03-28T09:58:30","slug":"nos-moyens","status":"publish","type":"page","link":"https:\/\/www.mcs-container.fr\/index.php\/nos-moyens\/","title":{"rendered":"Nos Moyens"},"content":{"rendered":"\t\t<div data-elementor-type=\"wp-post\" data-elementor-id=\"163\" class=\"elementor elementor-163 elementor-bc-flex-widget\" data-elementor-settings=\"[]\">\n\t\t\t\t\t\t<div class=\"elementor-inner\">\n\t\t\t\t\t\t\t<div class=\"elementor-section-wrap\">\n\t\t\t\t\t\t\t<section class=\"elementor-section elementor-top-section elementor-element elementor-element-50c8135e elementor-section-boxed elementor-section-height-default elementor-section-height-default\" data-id=\"50c8135e\" data-element_type=\"section\">\n\t\t\t\t\t\t<div class=\"elementor-container elementor-column-gap-default\">\n\t\t\t\t\t\t\t<div class=\"elementor-row\">\n\t\t\t\t\t<div class=\"elementor-column elementor-col-100 elementor-top-column elementor-element elementor-element-1d74d669\" data-id=\"1d74d669\" data-element_type=\"column\">\n\t\t\t<div class=\"elementor-column-wrap elementor-element-populated\">\n\t\t\t\t\t\t\t<div class=\"elementor-widget-wrap\">\n\t\t\t\t\t\t<div class=\"elementor-element elementor-element-11a95813 elementor-widget elementor-widget-spacer\" data-id=\"11a95813\" data-element_type=\"widget\" data-widget_type=\"spacer.default\">\n\t\t\t\t<div class=\"elementor-widget-container\">\n\t\t\t\t\t<div class=\"elementor-spacer\">\n\t\t\t<div class=\"elementor-spacer-inner\"><\/div>\n\t\t<\/div>\n\t\t\t\t<\/div>\n\t\t\t\t<\/div>\n\t\t\t\t<div class=\"elementor-element elementor-element-22cde7d5 elementor-widget elementor-widget-heading\" data-id=\"22cde7d5\" data-element_type=\"widget\" data-widget_type=\"heading.default\">\n\t\t\t\t<div class=\"elementor-widget-container\">\n\t\t\t<h1 class=\"elementor-heading-title elementor-size-default\">Nos Moyens\n<\/h1>\t\t<\/div>\n\t\t\t\t<\/div>\n\t\t\t\t\t\t<\/div>\n\t\t\t\t\t<\/div>\n\t\t<\/div>\n\t\t\t\t\t\t\t\t<\/div>\n\t\t\t\t\t<\/div>\n\t\t<\/section>\n\t\t\t\t<section class=\"elementor-section elementor-top-section elementor-element elementor-element-2f4f042c elementor-section-boxed elementor-section-height-default elementor-section-height-default\" data-id=\"2f4f042c\" data-element_type=\"section\">\n\t\t\t\t\t\t<div class=\"elementor-container elementor-column-gap-default\">\n\t\t\t\t\t\t\t<div class=\"elementor-row\">\n\t\t\t\t\t<div class=\"elementor-column elementor-col-100 elementor-top-column elementor-element elementor-element-43631a54\" data-id=\"43631a54\" data-element_type=\"column\">\n\t\t\t<div class=\"elementor-column-wrap elementor-element-populated\">\n\t\t\t\t\t\t\t<div class=\"elementor-widget-wrap\">\n\t\t\t\t\t\t<div class=\"elementor-element elementor-element-7e00e22c elementor-widget elementor-widget-text-editor\" data-id=\"7e00e22c\" data-element_type=\"widget\" data-widget_type=\"text-editor.default\">\n\t\t\t\t<div class=\"elementor-widget-container\">\n\t\t\t\t\t<div class=\"elementor-text-editor elementor-clearfix\"><p>Implant\u00e9e sur le site de <strong>Mettray<\/strong> \u00e0 la p\u00e9riph\u00e9rie de <strong>Tours<\/strong>, <strong>MCS<\/strong> dispose de moyens modernes dans le domaine de la<strong> transformation des m\u00e9taux<\/strong>.<\/p><p>Pour cela <strong>MCS<\/strong> s\u2019est dot\u00e9e en 2014 d\u2019une nouvelle unit\u00e9 de production et exploite d\u00e9sormais un site industriel disposant d\u2019une surface couverte de 2 400 m\u00b2 enti\u00e8rement d\u00e9di\u00e9e \u00e0 la <strong>fabrication<\/strong> et \u00e0 la <strong>maintenance<\/strong> de <strong>conteneurs<\/strong> et <strong>cuves<\/strong>.<\/p><\/div>\n\t\t\t\t<\/div>\n\t\t\t\t<\/div>\n\t\t\t\t\t\t<\/div>\n\t\t\t\t\t<\/div>\n\t\t<\/div>\n\t\t\t\t\t\t\t\t<\/div>\n\t\t\t\t\t<\/div>\n\t\t<\/section>\n\t\t\t\t<section class=\"elementor-section elementor-top-section elementor-element elementor-element-671f7c02 elementor-section-boxed elementor-section-height-default elementor-section-height-default\" data-id=\"671f7c02\" data-element_type=\"section\" data-settings=\"{&quot;background_background&quot;:&quot;gradient&quot;}\">\n\t\t\t\t\t\t<div class=\"elementor-container elementor-column-gap-default\">\n\t\t\t\t\t\t\t<div class=\"elementor-row\">\n\t\t\t\t\t<div class=\"elementor-column elementor-col-100 elementor-top-column elementor-element elementor-element-1acecf08\" data-id=\"1acecf08\" data-element_type=\"column\" data-settings=\"{&quot;background_background&quot;:&quot;classic&quot;}\">\n\t\t\t<div class=\"elementor-column-wrap elementor-element-populated\">\n\t\t\t\t\t\t\t<div class=\"elementor-widget-wrap\">\n\t\t\t\t\t\t<div class=\"elementor-element elementor-element-93abd5c elementor-widget elementor-widget-heading\" data-id=\"93abd5c\" data-element_type=\"widget\" data-widget_type=\"heading.default\">\n\t\t\t\t<div class=\"elementor-widget-container\">\n\t\t\t<h2 class=\"elementor-heading-title elementor-size-default\">Atelier de Fabrication<\/h2>\t\t<\/div>\n\t\t\t\t<\/div>\n\t\t\t\t<div class=\"elementor-element elementor-element-b43dd0c elementor-widget elementor-widget-image\" data-id=\"b43dd0c\" data-element_type=\"widget\" data-widget_type=\"image.default\">\n\t\t\t\t<div class=\"elementor-widget-container\">\n\t\t\t\t\t<div class=\"elementor-image\">\n\t\t\t\t\t\t\t\t\t\t<img width=\"300\" height=\"200\" src=\"https:\/\/www.mcs-container.fr\/wp-content\/uploads\/2019\/01\/MCS_Atelier-5-300x200.jpg\" class=\"attachment-medium size-medium\" alt=\"\" loading=\"lazy\" srcset=\"https:\/\/www.mcs-container.fr\/wp-content\/uploads\/2019\/01\/MCS_Atelier-5-300x200.jpg 300w, https:\/\/www.mcs-container.fr\/wp-content\/uploads\/2019\/01\/MCS_Atelier-5-768x512.jpg 768w, https:\/\/www.mcs-container.fr\/wp-content\/uploads\/2019\/01\/MCS_Atelier-5-1024x683.jpg 1024w\" sizes=\"(max-width: 300px) 100vw, 300px\" \/>\t\t\t\t\t\t\t\t\t\t\t<\/div>\n\t\t\t\t<\/div>\n\t\t\t\t<\/div>\n\t\t\t\t<div class=\"elementor-element elementor-element-bcc3f0f elementor-widget elementor-widget-text-editor\" data-id=\"bcc3f0f\" data-element_type=\"widget\" data-widget_type=\"text-editor.default\">\n\t\t\t\t<div class=\"elementor-widget-container\">\n\t\t\t\t\t<div class=\"elementor-text-editor elementor-clearfix\"><p><strong>MCS<\/strong> dispose d\u2019un outil de production r\u00e9cent et performant, pour tous travaux de <strong>cisaillage<\/strong>, <strong>roulage<\/strong>, <strong>pliage<\/strong> et <strong>soudure<\/strong> avec\u00a0:<\/p><ul><li>Cisaille 4m, Rouleuse et Presse plieuse 5m \u00e0 commandes num\u00e9riques,<\/li><li>Bancs de soudage SOUS-FLUX, PLASMA\/TIG,<\/li><li>Postes de soudure AC\/DC \u2013 TIG \u2013 MIG,<\/li><li>Cabine de grenaillage 5m x 4m &#8211; hauteur 2,5m,<\/li><li>Cabine de peinture 6m x 2,70m &#8211; hauteur 2,80m.<\/li><\/ul><\/div>\n\t\t\t\t<\/div>\n\t\t\t\t<\/div>\n\t\t\t\t<div class=\"elementor-element elementor-element-0762007 elementor-widget elementor-widget-text-editor\" data-id=\"0762007\" data-element_type=\"widget\" data-widget_type=\"text-editor.default\">\n\t\t\t\t<div class=\"elementor-widget-container\">\n\t\t\t\t\t<div class=\"elementor-text-editor elementor-clearfix\"><\/div>\n\t\t\t\t<\/div>\n\t\t\t\t<\/div>\n\t\t\t\t\t\t<\/div>\n\t\t\t\t\t<\/div>\n\t\t<\/div>\n\t\t\t\t\t\t\t\t<\/div>\n\t\t\t\t\t<\/div>\n\t\t<\/section>\n\t\t\t\t<section class=\"elementor-section elementor-top-section elementor-element elementor-element-af5eeba elementor-section-boxed elementor-section-height-default elementor-section-height-default\" data-id=\"af5eeba\" data-element_type=\"section\" data-settings=\"{&quot;background_background&quot;:&quot;gradient&quot;}\">\n\t\t\t\t\t\t<div class=\"elementor-container elementor-column-gap-default\">\n\t\t\t\t\t\t\t<div class=\"elementor-row\">\n\t\t\t\t\t<div class=\"elementor-column elementor-col-100 elementor-top-column elementor-element elementor-element-0c3fb77\" data-id=\"0c3fb77\" data-element_type=\"column\" data-settings=\"{&quot;background_background&quot;:&quot;classic&quot;}\">\n\t\t\t<div class=\"elementor-column-wrap elementor-element-populated\">\n\t\t\t\t\t\t\t<div class=\"elementor-widget-wrap\">\n\t\t\t\t\t\t<div class=\"elementor-element elementor-element-26b2c38 elementor-widget elementor-widget-heading\" data-id=\"26b2c38\" data-element_type=\"widget\" data-widget_type=\"heading.default\">\n\t\t\t\t<div class=\"elementor-widget-container\">\n\t\t\t<h2 class=\"elementor-heading-title elementor-size-default\">Atelier de maintenance et r\u00e9novation<\/h2>\t\t<\/div>\n\t\t\t\t<\/div>\n\t\t\t\t<div class=\"elementor-element elementor-element-a13abbf elementor-widget elementor-widget-image\" data-id=\"a13abbf\" data-element_type=\"widget\" data-widget_type=\"image.default\">\n\t\t\t\t<div class=\"elementor-widget-container\">\n\t\t\t\t\t<div class=\"elementor-image\">\n\t\t\t\t\t\t\t\t\t\t<img width=\"300\" height=\"200\" src=\"https:\/\/www.mcs-container.fr\/wp-content\/uploads\/2019\/01\/MCS_Atelier-Renovation-et-r\u00c7\u00c7preuve-4-300x200.jpg\" class=\"attachment-medium size-medium\" alt=\"\" loading=\"lazy\" srcset=\"https:\/\/www.mcs-container.fr\/wp-content\/uploads\/2019\/01\/MCS_Atelier-Renovation-et-r\u00c7\u00c7preuve-4-300x200.jpg 300w, https:\/\/www.mcs-container.fr\/wp-content\/uploads\/2019\/01\/MCS_Atelier-Renovation-et-r\u00c7\u00c7preuve-4-768x512.jpg 768w, https:\/\/www.mcs-container.fr\/wp-content\/uploads\/2019\/01\/MCS_Atelier-Renovation-et-r\u00c7\u00c7preuve-4-1024x683.jpg 1024w\" sizes=\"(max-width: 300px) 100vw, 300px\" \/>\t\t\t\t\t\t\t\t\t\t\t<\/div>\n\t\t\t\t<\/div>\n\t\t\t\t<\/div>\n\t\t\t\t<div class=\"elementor-element elementor-element-d03810c elementor-widget elementor-widget-text-editor\" data-id=\"d03810c\" data-element_type=\"widget\" data-widget_type=\"text-editor.default\">\n\t\t\t\t<div class=\"elementor-widget-container\">\n\t\t\t\t\t<div class=\"elementor-text-editor elementor-clearfix\"><p><strong>MCS<\/strong> dispose sur son site d\u2019un atelier d\u00e9di\u00e9 \u00e0 la <strong>maintenance<\/strong> p\u00e9riodique, la <strong>r\u00e9novation<\/strong> et le <strong>reconditionnement<\/strong> des <strong>conteneurs<\/strong> citernes, GRV et autres cuves \/ r\u00e9cipients sp\u00e9ciaux \u00e0 pression.<\/p><p>Nos installations nous permettent d\u2019effectuer les op\u00e9rations suivantes :<\/p><ul><li>R\u00e9novation et remplacement des \u00e9quipements\u00a0: vannes, soupapes, raccords, agitateurs, \u2026,<\/li><li>Op\u00e9rations de chaudronnerie diverses,<\/li><li>R\u00e9fection des \u00e9tats de surface\u00a0: grenaillage, peinture liquide,<\/li><li>Banc d\u2019\u00e9preuve d\u2019\u00e9tanch\u00e9it\u00e9 pneumatique,<\/li><li>Banc d\u2019\u00e9preuve d\u2019\u00e9tanch\u00e9it\u00e9 hydraulique.<\/li><\/ul><\/div>\n\t\t\t\t<\/div>\n\t\t\t\t<\/div>\n\t\t\t\t<div class=\"elementor-element elementor-element-673f18f elementor-widget elementor-widget-text-editor\" data-id=\"673f18f\" data-element_type=\"widget\" data-widget_type=\"text-editor.default\">\n\t\t\t\t<div class=\"elementor-widget-container\">\n\t\t\t\t\t<div class=\"elementor-text-editor elementor-clearfix\"><\/div>\n\t\t\t\t<\/div>\n\t\t\t\t<\/div>\n\t\t\t\t\t\t<\/div>\n\t\t\t\t\t<\/div>\n\t\t<\/div>\n\t\t\t\t\t\t\t\t<\/div>\n\t\t\t\t\t<\/div>\n\t\t<\/section>\n\t\t\t\t<section class=\"elementor-section elementor-top-section elementor-element elementor-element-08d8b7a elementor-section-boxed elementor-section-height-default elementor-section-height-default\" data-id=\"08d8b7a\" data-element_type=\"section\" data-settings=\"{&quot;background_background&quot;:&quot;gradient&quot;}\">\n\t\t\t\t\t\t<div class=\"elementor-container elementor-column-gap-default\">\n\t\t\t\t\t\t\t<div class=\"elementor-row\">\n\t\t\t\t\t<div class=\"elementor-column elementor-col-100 elementor-top-column elementor-element elementor-element-837cf0e\" data-id=\"837cf0e\" data-element_type=\"column\" data-settings=\"{&quot;background_background&quot;:&quot;classic&quot;}\">\n\t\t\t<div class=\"elementor-column-wrap elementor-element-populated\">\n\t\t\t\t\t\t\t<div class=\"elementor-widget-wrap\">\n\t\t\t\t\t\t<div class=\"elementor-element elementor-element-aa208c2 elementor-widget elementor-widget-heading\" data-id=\"aa208c2\" data-element_type=\"widget\" data-widget_type=\"heading.default\">\n\t\t\t\t<div class=\"elementor-widget-container\">\n\t\t\t<h2 class=\"elementor-heading-title elementor-size-default\">Atelier de grenaillage et peinture\n<\/h2>\t\t<\/div>\n\t\t\t\t<\/div>\n\t\t\t\t<div class=\"elementor-element elementor-element-2c1b6a6 elementor-widget elementor-widget-image\" data-id=\"2c1b6a6\" data-element_type=\"widget\" data-widget_type=\"image.default\">\n\t\t\t\t<div class=\"elementor-widget-container\">\n\t\t\t\t\t<div class=\"elementor-image\">\n\t\t\t\t\t\t\t\t\t\t<img width=\"300\" height=\"200\" src=\"https:\/\/www.mcs-container.fr\/wp-content\/uploads\/2019\/01\/MCS_Atelier_GRanaillage-3-300x200.jpg\" class=\"attachment-medium size-medium\" alt=\"\" loading=\"lazy\" srcset=\"https:\/\/www.mcs-container.fr\/wp-content\/uploads\/2019\/01\/MCS_Atelier_GRanaillage-3-300x200.jpg 300w, https:\/\/www.mcs-container.fr\/wp-content\/uploads\/2019\/01\/MCS_Atelier_GRanaillage-3-768x512.jpg 768w, https:\/\/www.mcs-container.fr\/wp-content\/uploads\/2019\/01\/MCS_Atelier_GRanaillage-3-1024x683.jpg 1024w\" sizes=\"(max-width: 300px) 100vw, 300px\" \/>\t\t\t\t\t\t\t\t\t\t\t<\/div>\n\t\t\t\t<\/div>\n\t\t\t\t<\/div>\n\t\t\t\t<div class=\"elementor-element elementor-element-980c6de elementor-widget elementor-widget-text-editor\" data-id=\"980c6de\" data-element_type=\"widget\" data-widget_type=\"text-editor.default\">\n\t\t\t\t<div class=\"elementor-widget-container\">\n\t\t\t\t\t<div class=\"elementor-text-editor elementor-clearfix\"><p><strong>MCS<\/strong> est dot\u00e9 de moyens r\u00e9cents pour toutes les op\u00e9rations de <strong>grenaillage<\/strong> et <strong>peinture<\/strong> <strong>industrielle<\/strong>, avec\u00a0:<\/p><ul><li>Cabine de grenaillage 5m x 4m &#8211; hauteur 2,5m,<\/li><li>Cabine de peinture 6m x 2,70m &#8211; hauteur 2,80m.<\/li><\/ul><\/div>\n\t\t\t\t<\/div>\n\t\t\t\t<\/div>\n\t\t\t\t<div class=\"elementor-element elementor-element-1c3dada elementor-widget elementor-widget-text-editor\" data-id=\"1c3dada\" data-element_type=\"widget\" data-widget_type=\"text-editor.default\">\n\t\t\t\t<div class=\"elementor-widget-container\">\n\t\t\t\t\t<div class=\"elementor-text-editor elementor-clearfix\"><\/div>\n\t\t\t\t<\/div>\n\t\t\t\t<\/div>\n\t\t\t\t\t\t<\/div>\n\t\t\t\t\t<\/div>\n\t\t<\/div>\n\t\t\t\t\t\t\t\t<\/div>\n\t\t\t\t\t<\/div>\n\t\t<\/section>\n\t\t\t\t<section class=\"elementor-section elementor-top-section elementor-element elementor-element-f0e9874 elementor-section-boxed elementor-section-height-default elementor-section-height-default\" data-id=\"f0e9874\" data-element_type=\"section\">\n\t\t\t\t\t\t<div class=\"elementor-container elementor-column-gap-default\">\n\t\t\t\t\t\t\t<div class=\"elementor-row\">\n\t\t\t\t\t<div class=\"elementor-column elementor-col-100 elementor-top-column elementor-element elementor-element-7448a4a\" data-id=\"7448a4a\" data-element_type=\"column\">\n\t\t\t<div class=\"elementor-column-wrap elementor-element-populated\">\n\t\t\t\t\t\t\t<div class=\"elementor-widget-wrap\">\n\t\t\t\t\t\t<div class=\"elementor-element elementor-element-36db4c2 elementor-button-info elementor-align-center elementor-widget elementor-widget-button\" data-id=\"36db4c2\" data-element_type=\"widget\" data-widget_type=\"button.default\">\n\t\t\t\t<div class=\"elementor-widget-container\">\n\t\t\t\t\t<div class=\"elementor-button-wrapper\">\n\t\t\t<a href=\"http:\/\/mcscontafs.cluster005.ovh.net\/index.php\/nos-realisations\/\" class=\"elementor-button-link elementor-button elementor-size-sm\" role=\"button\">\n\t\t\t\t\t\t<span class=\"elementor-button-content-wrapper\">\n\t\t\t\t\t\t<span class=\"elementor-button-text\">D\u00e9couvrez nos r\u00e9alisations<\/span>\n\t\t<\/span>\n\t\t\t\t\t<\/a>\n\t\t<\/div>\n\t\t\t\t<\/div>\n\t\t\t\t<\/div>\n\t\t\t\t\t\t<\/div>\n\t\t\t\t\t<\/div>\n\t\t<\/div>\n\t\t\t\t\t\t\t\t<\/div>\n\t\t\t\t\t<\/div>\n\t\t<\/section>\n\t\t\t\t\t\t<\/div>\n\t\t\t\t\t\t<\/div>\n\t\t\t\t\t<\/div>\n\t\t","protected":false},"excerpt":{"rendered":"<p>Nos Moyens Implant\u00e9e sur le site de Mettray \u00e0 la p\u00e9riph\u00e9rie de Tours, MCS dispose de moyens modernes dans le domaine de la transformation des m\u00e9taux. Pour cela MCS s\u2019est dot\u00e9e en 2014 d\u2019une nouvelle unit\u00e9 de production et exploite d\u00e9sormais un site industriel disposant d\u2019une surface couverte de 2 400 m\u00b2 enti\u00e8rement d\u00e9di\u00e9e \u00e0 [&hellip;]<\/p>\n","protected":false},"author":1,"featured_media":0,"parent":0,"menu_order":0,"comment_status":"closed","ping_status":"closed","template":"","meta":{"spay_email":""},"_links":{"self":[{"href":"https:\/\/www.mcs-container.fr\/index.php\/wp-json\/wp\/v2\/pages\/163"}],"collection":[{"href":"https:\/\/www.mcs-container.fr\/index.php\/wp-json\/wp\/v2\/pages"}],"about":[{"href":"https:\/\/www.mcs-container.fr\/index.php\/wp-json\/wp\/v2\/types\/page"}],"author":[{"embeddable":true,"href":"https:\/\/www.mcs-container.fr\/index.php\/wp-json\/wp\/v2\/users\/1"}],"replies":[{"embeddable":true,"href":"https:\/\/www.mcs-container.fr\/index.php\/wp-json\/wp\/v2\/comments?post=163"}],"version-history":[{"count":10,"href":"https:\/\/www.mcs-container.fr\/index.php\/wp-json\/wp\/v2\/pages\/163\/revisions"}],"predecessor-version":[{"id":625,"href":"https:\/\/www.mcs-container.fr\/index.php\/wp-json\/wp\/v2\/pages\/163\/revisions\/625"}],"wp:attachment":[{"href":"https:\/\/www.mcs-container.fr\/index.php\/wp-json\/wp\/v2\/media?parent=163"}],"curies":[{"name":"wp","href":"https:\/\/api.w.org\/{rel}","templated":true}]}}