{"id":161,"date":"2018-10-30T10:12:34","date_gmt":"2018-10-30T09:12:34","guid":{"rendered":"http:\/\/e-sherpa.fr\/?page_id=161"},"modified":"2019-03-28T11:11:18","modified_gmt":"2019-03-28T10:11:18","slug":"etudes","status":"publish","type":"page","link":"https:\/\/www.mcs-container.fr\/index.php\/etudes\/","title":{"rendered":"Conception"},"content":{"rendered":"\t\t<div data-elementor-type=\"wp-post\" data-elementor-id=\"161\" class=\"elementor elementor-161 elementor-bc-flex-widget\" data-elementor-settings=\"[]\">\n\t\t\t\t\t\t<div class=\"elementor-inner\">\n\t\t\t\t\t\t\t<div class=\"elementor-section-wrap\">\n\t\t\t\t\t\t\t<section class=\"elementor-section elementor-top-section elementor-element elementor-element-1c0843c elementor-section-boxed elementor-section-height-default elementor-section-height-default\" data-id=\"1c0843c\" data-element_type=\"section\">\n\t\t\t\t\t\t<div class=\"elementor-container elementor-column-gap-default\">\n\t\t\t\t\t\t\t<div class=\"elementor-row\">\n\t\t\t\t\t<div class=\"elementor-column elementor-col-100 elementor-top-column elementor-element elementor-element-2965675\" data-id=\"2965675\" data-element_type=\"column\">\n\t\t\t<div class=\"elementor-column-wrap elementor-element-populated\">\n\t\t\t\t\t\t\t<div class=\"elementor-widget-wrap\">\n\t\t\t\t\t\t<div class=\"elementor-element elementor-element-6826434 elementor-widget elementor-widget-image\" data-id=\"6826434\" data-element_type=\"widget\" data-widget_type=\"image.default\">\n\t\t\t\t<div class=\"elementor-widget-container\">\n\t\t\t\t\t<div class=\"elementor-image\">\n\t\t\t\t\t\t\t\t\t\t<img width=\"800\" height=\"262\" src=\"https:\/\/www.mcs-container.fr\/wp-content\/uploads\/2018\/10\/slide.jpg\" class=\"attachment-large size-large\" alt=\"\" loading=\"lazy\" srcset=\"https:\/\/www.mcs-container.fr\/wp-content\/uploads\/2018\/10\/slide.jpg 800w, https:\/\/www.mcs-container.fr\/wp-content\/uploads\/2018\/10\/slide-300x98.jpg 300w, https:\/\/www.mcs-container.fr\/wp-content\/uploads\/2018\/10\/slide-768x252.jpg 768w\" sizes=\"(max-width: 800px) 100vw, 800px\" \/>\t\t\t\t\t\t\t\t\t\t\t<\/div>\n\t\t\t\t<\/div>\n\t\t\t\t<\/div>\n\t\t\t\t\t\t<\/div>\n\t\t\t\t\t<\/div>\n\t\t<\/div>\n\t\t\t\t\t\t\t\t<\/div>\n\t\t\t\t\t<\/div>\n\t\t<\/section>\n\t\t\t\t<section class=\"elementor-section elementor-top-section elementor-element elementor-element-439de90 elementor-section-boxed elementor-section-height-default elementor-section-height-default\" data-id=\"439de90\" data-element_type=\"section\">\n\t\t\t\t\t\t<div class=\"elementor-container elementor-column-gap-default\">\n\t\t\t\t\t\t\t<div class=\"elementor-row\">\n\t\t\t\t\t<div class=\"elementor-column elementor-col-100 elementor-top-column elementor-element elementor-element-2584971\" data-id=\"2584971\" data-element_type=\"column\">\n\t\t\t<div class=\"elementor-column-wrap elementor-element-populated\">\n\t\t\t\t\t\t\t<div class=\"elementor-widget-wrap\">\n\t\t\t\t\t\t<div class=\"elementor-element elementor-element-715b3ba elementor-widget elementor-widget-spacer\" data-id=\"715b3ba\" data-element_type=\"widget\" data-widget_type=\"spacer.default\">\n\t\t\t\t<div class=\"elementor-widget-container\">\n\t\t\t\t\t<div class=\"elementor-spacer\">\n\t\t\t<div class=\"elementor-spacer-inner\"><\/div>\n\t\t<\/div>\n\t\t\t\t<\/div>\n\t\t\t\t<\/div>\n\t\t\t\t<div class=\"elementor-element elementor-element-91f8941 elementor-widget elementor-widget-heading\" data-id=\"91f8941\" data-element_type=\"widget\" data-widget_type=\"heading.default\">\n\t\t\t\t<div class=\"elementor-widget-container\">\n\t\t\t<h1 class=\"elementor-heading-title elementor-size-default\">Conception\n<\/h1>\t\t<\/div>\n\t\t\t\t<\/div>\n\t\t\t\t\t\t<\/div>\n\t\t\t\t\t<\/div>\n\t\t<\/div>\n\t\t\t\t\t\t\t\t<\/div>\n\t\t\t\t\t<\/div>\n\t\t<\/section>\n\t\t\t\t<section class=\"elementor-section elementor-top-section elementor-element elementor-element-c820043 elementor-section-boxed elementor-section-height-default elementor-section-height-default\" data-id=\"c820043\" data-element_type=\"section\">\n\t\t\t\t\t\t<div class=\"elementor-container elementor-column-gap-default\">\n\t\t\t\t\t\t\t<div class=\"elementor-row\">\n\t\t\t\t\t<div class=\"elementor-column elementor-col-100 elementor-top-column elementor-element elementor-element-74a8b90\" data-id=\"74a8b90\" data-element_type=\"column\">\n\t\t\t<div class=\"elementor-column-wrap elementor-element-populated\">\n\t\t\t\t\t\t\t<div class=\"elementor-widget-wrap\">\n\t\t\t\t\t\t<div class=\"elementor-element elementor-element-45aaa63 elementor-widget elementor-widget-text-editor\" data-id=\"45aaa63\" data-element_type=\"widget\" data-widget_type=\"text-editor.default\">\n\t\t\t\t<div class=\"elementor-widget-container\">\n\t\t\t\t\t<div class=\"elementor-text-editor elementor-clearfix\"><p><strong>MCS<\/strong> con\u00e7oit, fabrique et r\u00e9nove de nombreux types de Cuves, GRV, Conteneurs citernes et \u00e0 pression, en acier carbone et en acier inoxydable.<\/p><p>De fabrication Fran\u00e7aise, nos produits sont principalement destin\u00e9s au process, au stockage et au transport de produits liquides et mat\u00e9riaux en poudre, sensibles ou dangereux.<\/p><\/div>\n\t\t\t\t<\/div>\n\t\t\t\t<\/div>\n\t\t\t\t\t\t<\/div>\n\t\t\t\t\t<\/div>\n\t\t<\/div>\n\t\t\t\t\t\t\t\t<\/div>\n\t\t\t\t\t<\/div>\n\t\t<\/section>\n\t\t\t\t<section class=\"elementor-section elementor-top-section elementor-element elementor-element-bea01d1 elementor-section-boxed elementor-section-height-default elementor-section-height-default\" data-id=\"bea01d1\" data-element_type=\"section\">\n\t\t\t\t\t\t<div class=\"elementor-container elementor-column-gap-default\">\n\t\t\t\t\t\t\t<div class=\"elementor-row\">\n\t\t\t\t\t<div class=\"elementor-column elementor-col-100 elementor-top-column elementor-element elementor-element-2df617b\" data-id=\"2df617b\" data-element_type=\"column\">\n\t\t\t<div class=\"elementor-column-wrap elementor-element-populated\">\n\t\t\t\t\t\t\t<div class=\"elementor-widget-wrap\">\n\t\t\t\t\t\t<div class=\"elementor-element elementor-element-a117965 elementor-widget elementor-widget-heading\" data-id=\"a117965\" data-element_type=\"widget\" data-widget_type=\"heading.default\">\n\t\t\t\t<div class=\"elementor-widget-container\">\n\t\t\t<h2 class=\"elementor-heading-title elementor-size-default\">Une forte exp\u00e9rience<\/h2>\t\t<\/div>\n\t\t\t\t<\/div>\n\t\t\t\t<div class=\"elementor-element elementor-element-02bcefc elementor-widget elementor-widget-text-editor\" data-id=\"02bcefc\" data-element_type=\"widget\" data-widget_type=\"text-editor.default\">\n\t\t\t\t<div class=\"elementor-widget-container\">\n\t\t\t\t\t<div class=\"elementor-text-editor elementor-clearfix\"><p>Chacune de nos cuves sont con\u00e7ues soit d\u2019apr\u00e8s nos standards, soit sur mesure d\u2019apr\u00e8s votre cahier des charges ou un d\u00e9veloppement commun.<\/p><p>Fort de son exp\u00e9rience, notre <strong>bureau d\u2019\u00e9tudes<\/strong> r\u00e9alise toutes les \u00e9tudes n\u00e9cessaires (plans, notes de calculs, dossiers r\u00e9glementaires, \u2026), dans le <strong>respect des normes<\/strong> en vigueur et des imp\u00e9ratifs de certification le cas \u00e9ch\u00e9ant\u00a0: DESP 2014\/68\/UE, RID\/ADR, IMDG, CFR49, IATA.<\/p><\/div>\n\t\t\t\t<\/div>\n\t\t\t\t<\/div>\n\t\t\t\t\t\t<\/div>\n\t\t\t\t\t<\/div>\n\t\t<\/div>\n\t\t\t\t\t\t\t\t<\/div>\n\t\t\t\t\t<\/div>\n\t\t<\/section>\n\t\t\t\t<section class=\"elementor-section elementor-top-section elementor-element elementor-element-1525a51 elementor-section-boxed elementor-section-height-default elementor-section-height-default\" data-id=\"1525a51\" data-element_type=\"section\">\n\t\t\t\t\t\t<div class=\"elementor-container elementor-column-gap-default\">\n\t\t\t\t\t\t\t<div class=\"elementor-row\">\n\t\t\t\t\t<div class=\"elementor-column elementor-col-100 elementor-top-column elementor-element elementor-element-281d244\" data-id=\"281d244\" data-element_type=\"column\">\n\t\t\t<div class=\"elementor-column-wrap elementor-element-populated\">\n\t\t\t\t\t\t\t<div class=\"elementor-widget-wrap\">\n\t\t\t\t\t\t<div class=\"elementor-element elementor-element-659fa33 elementor-widget elementor-widget-heading\" data-id=\"659fa33\" data-element_type=\"widget\" data-widget_type=\"heading.default\">\n\t\t\t\t<div class=\"elementor-widget-container\">\n\t\t\t<h2 class=\"elementor-heading-title elementor-size-default\">Respect des normes r\u00e9glementaires<\/h2>\t\t<\/div>\n\t\t\t\t<\/div>\n\t\t\t\t<div class=\"elementor-element elementor-element-9658cf0 elementor-widget elementor-widget-text-editor\" data-id=\"9658cf0\" data-element_type=\"widget\" data-widget_type=\"text-editor.default\">\n\t\t\t\t<div class=\"elementor-widget-container\">\n\t\t\t\t\t<div class=\"elementor-text-editor elementor-clearfix\"><p><strong>MCS<\/strong> dispose d\u2019une parfaite maitrise de la <strong>r\u00e9glementation<\/strong> internationale en vigueur et nous en assurons en permanence la veille r\u00e9glementaire.<\/p><p>Pour cela, nous travaillons en partenariat avec des organismes agr\u00e9\u00e9s internationalement reconnus, qui auditent et contr\u00f4lent en permanence nos activit\u00e9s de <strong>conception<\/strong>, <strong>fabrication<\/strong> et <strong>r\u00e9novation<\/strong>.<\/p><\/div>\n\t\t\t\t<\/div>\n\t\t\t\t<\/div>\n\t\t\t\t\t\t<\/div>\n\t\t\t\t\t<\/div>\n\t\t<\/div>\n\t\t\t\t\t\t\t\t<\/div>\n\t\t\t\t\t<\/div>\n\t\t<\/section>\n\t\t\t\t<section class=\"elementor-section elementor-top-section elementor-element elementor-element-3218d60 elementor-section-boxed elementor-section-height-default elementor-section-height-default\" data-id=\"3218d60\" data-element_type=\"section\">\n\t\t\t\t\t\t<div class=\"elementor-container elementor-column-gap-default\">\n\t\t\t\t\t\t\t<div class=\"elementor-row\">\n\t\t\t\t\t<div class=\"elementor-column elementor-col-100 elementor-top-column elementor-element elementor-element-43280be\" data-id=\"43280be\" data-element_type=\"column\">\n\t\t\t<div class=\"elementor-column-wrap elementor-element-populated\">\n\t\t\t\t\t\t\t<div class=\"elementor-widget-wrap\">\n\t\t\t\t\t\t<div class=\"elementor-element elementor-element-15cac41 elementor-widget elementor-widget-text-editor\" data-id=\"15cac41\" data-element_type=\"widget\" data-widget_type=\"text-editor.default\">\n\t\t\t\t<div class=\"elementor-widget-container\">\n\t\t\t\t\t<div class=\"elementor-text-editor elementor-clearfix\"><p>Ainsi, apr\u00e8s avoir valid\u00e9 la <strong>conception<\/strong> selon vos exigences, nous fabriquons l\u2019ensemble de nos produits dans nos ateliers, dans le respect du dossier de d\u00e9finition et de fabrication, en garantissant le cas \u00e9ch\u00e9ant la certification des produits par les organismes agr\u00e9\u00e9s.<\/p><p>A ce titre, <strong>MCS<\/strong> dispose entre autres des agr\u00e9ments pour fabriquer dans ses ateliers des cuves soumises \u00e0 la directive DESP 2014\/68\/UE.<\/p><\/div>\n\t\t\t\t<\/div>\n\t\t\t\t<\/div>\n\t\t\t\t\t\t<\/div>\n\t\t\t\t\t<\/div>\n\t\t<\/div>\n\t\t\t\t\t\t\t\t<\/div>\n\t\t\t\t\t<\/div>\n\t\t<\/section>\n\t\t\t\t\t\t<\/div>\n\t\t\t\t\t\t<\/div>\n\t\t\t\t\t<\/div>\n\t\t","protected":false},"excerpt":{"rendered":"<p>Conception MCS con\u00e7oit, fabrique et r\u00e9nove de nombreux types de Cuves, GRV, Conteneurs citernes et \u00e0 pression, en acier carbone et en acier inoxydable. De fabrication Fran\u00e7aise, nos produits sont principalement destin\u00e9s au process, au stockage et au transport de produits liquides et mat\u00e9riaux en poudre, sensibles ou dangereux. Une forte exp\u00e9rience Chacune de nos [&hellip;]<\/p>\n","protected":false},"author":1,"featured_media":0,"parent":0,"menu_order":0,"comment_status":"closed","ping_status":"closed","template":"","meta":{"spay_email":""},"_links":{"self":[{"href":"https:\/\/www.mcs-container.fr\/index.php\/wp-json\/wp\/v2\/pages\/161"}],"collection":[{"href":"https:\/\/www.mcs-container.fr\/index.php\/wp-json\/wp\/v2\/pages"}],"about":[{"href":"https:\/\/www.mcs-container.fr\/index.php\/wp-json\/wp\/v2\/types\/page"}],"author":[{"embeddable":true,"href":"https:\/\/www.mcs-container.fr\/index.php\/wp-json\/wp\/v2\/users\/1"}],"replies":[{"embeddable":true,"href":"https:\/\/www.mcs-container.fr\/index.php\/wp-json\/wp\/v2\/comments?post=161"}],"version-history":[{"count":10,"href":"https:\/\/www.mcs-container.fr\/index.php\/wp-json\/wp\/v2\/pages\/161\/revisions"}],"predecessor-version":[{"id":630,"href":"https:\/\/www.mcs-container.fr\/index.php\/wp-json\/wp\/v2\/pages\/161\/revisions\/630"}],"wp:attachment":[{"href":"https:\/\/www.mcs-container.fr\/index.php\/wp-json\/wp\/v2\/media?parent=161"}],"curies":[{"name":"wp","href":"https:\/\/api.w.org\/{rel}","templated":true}]}}